{"id":5236,"date":"2026-01-03T02:31:48","date_gmt":"2026-01-03T02:31:48","guid":{"rendered":"https:\/\/immer-weiter.net\/?page_id=5236"},"modified":"2026-01-05T12:52:59","modified_gmt":"2026-01-05T12:52:59","slug":"terms-and-conditions","status":"publish","type":"page","link":"https:\/\/immer-weiter.net\/en\/terms-and-conditions\/","title":{"rendered":"terms of referral"},"content":{"rendered":"<div data-elementor-type=\"wp-page\" data-elementor-id=\"5236\" class=\"elementor elementor-5236\">\n\t\t\t\t<div class=\"elementor-element elementor-element-5c1d983 e-flex e-con-boxed e-con e-parent\" data-id=\"5c1d983\" data-element_type=\"container\">\n\t\t\t\t\t<div class=\"e-con-inner\">\n\t\t\t\t<div class=\"elementor-element elementor-element-52c6497 elementor-widget elementor-widget-heading\" data-id=\"52c6497\" data-element_type=\"widget\" data-widget_type=\"heading.default\">\n\t\t\t\t\t<h1 class=\"elementor-heading-title elementor-size-default\">terms of referral<\/h1>\t\t\t\t<\/div>\n\t\t\t\t<div class=\"elementor-element elementor-element-f85a4ca elementor-widget elementor-widget-spacer\" data-id=\"f85a4ca\" data-element_type=\"widget\" data-widget_type=\"spacer.default\">\n\t\t\t\t\t\t\t<div class=\"elementor-spacer\">\n\t\t\t<div class=\"elementor-spacer-inner\"><\/div>\n\t\t<\/div>\n\t\t\t\t\t\t<\/div>\n\t\t\t\t<div class=\"elementor-element elementor-element-8d0cbac elementor-widget elementor-widget-text-editor\" data-id=\"8d0cbac\" data-element_type=\"widget\" data-widget_type=\"text-editor.default\">\n\t\t\t\t\t\t\t\t\t<h4>1. Scope<\/h4>\nThese placement conditions govern the cooperation between\n\u201eImmer Weiter\u201c - Trainee &amp; Recruitment Agency, owner: Yekini Belo,\nand the companies that make use of the placement services.\n\nRegistration is free of charge and non-binding for candidates (applicants).\nFor companies, these conditions apply as soon as a cooperation is agreed.\n<h4>2. Service description<\/h4>\n\u201eImmer Weiter\u201c supports companies in the placement of trainees and workers, especially from third countries.\n\nThe service includes in particular\n<ul>\n \t<li>Preselection and profile review of suitable candidates<\/li>\n \t<li>Coordination of discussions between candidates and companies<\/li>\n \t<li>Supporting the mediation process until a decision is reached<\/li>\n<\/ul>\n\u201eImmer Weiter\u201c does not owe a concrete placement success, but a service-related activity.\n<h4>3rd role of \u201eAlways on\u201c<\/h4>\n\u201eImmer Weiter\u201c acts exclusively as an intermediary.\n\nWe are:\n<ul>\n \t<li>no authority<\/li>\n \t<li>non-governmental organization<\/li>\n \t<li>no foreign representation<\/li>\n \t<li>no visa office<\/li>\n<\/ul>\nDecisions made by companies, immigration authorities, embassies or other bodies are beyond our control.\n<h4>4. Establishment of cooperation<\/h4>\nCooperation is achieved through:\n<ul>\n \t<li>individual agreement (e.g., by email or contract)<\/li>\n \t<li>or written confirmation of an offer<\/li>\n<\/ul>\nThere is no entitlement to the conclusion of a cooperation agreement.\n<h4>5. Obligations of companies<\/h4>\nCompanies undertake in particular:\n<ul>\n \t<li>to ensure that the information on vacancies is accurate and complete<\/li>\n \t<li>Treat candidates fairly and without discrimination<\/li>\n \t<li>check the legal requirements for training or employment<\/li>\n \t<li>Making decisions independently<\/li>\n<\/ul>\n\u201eImmer Weiter\u201c accepts no liability for decisions made by companies.\n<h4>6. Obligations of candidates<\/h4>\nCandidates are responsible for:\n<ul>\n \t<li>accurate and complete information<\/li>\n \t<li>timely provision of necessary documents<\/li>\n \t<li>Compliance with legal requirements of your country of origin and residence<\/li>\n<\/ul>\n\u201eImmer Weiter\u201c accepts no liability for incorrect or incomplete information provided by candidates.\n<h4>7. Remuneration<\/h4>\nThe type and amount of remuneration are agreed individually and are not part of these terms and conditions of agency, unless otherwise agreed in writing.\n<h4>8. Liability<\/h4>\nA liability of \u201eImmer Weiter\u201c is - as far as legally permissible - excluded for:\n<ul>\n \t<li>failure to conclude a contract<\/li>\n \t<li>Decisions made by companies or authorities<\/li>\n \t<li>Delays in the placement or recognition process<\/li>\n \t<li>lost profits or consequential damages<\/li>\n<\/ul>\nLiability for intent and gross negligence remains unaffected.\n<h4>9. Confidentiality and data protection<\/h4>\nAll information exchanged in the course of the collaboration must be treated confidentially.\nPersonal data is processed in accordance with the applicable privacy policy.\n<h4>10. Changes to the terms and conditions of placement<\/h4>\n\u201eImmer Weiter\u201c reserves the right to adapt these agency terms and conditions.\nThe current version shall apply.\n<h4>11. Final provisions<\/h4>\nShould individual provisions of these terms and conditions of mediation be wholly or partially invalid, the validity of the remaining provisions shall remain unaffected.\n\nThe law of the Federal Republic of Germany shall apply.\t\t\t\t\t\t\t\t<\/div>\n\t\t\t\t\t<\/div>\n\t\t\t\t<\/div>\n\t\t\t\t<\/div>","protected":false},"excerpt":{"rendered":"<p>Vermittlungsbedingungen 1. Geltungsbereich Diese Vermittlungsbedingungen regeln die Zusammenarbeit zwischen \u201eImmer Weiter\u201c \u2013 Azubi &amp; Personalvermittlung, Inhaber: Yekini Belo, und den Unternehmen, die die Vermittlungsleistungen in Anspruch nehmen. F\u00fcr Kandidaten (Bewerber) ist die Registrierung grunds\u00e4tzlich kostenfrei und unverbindlich. F\u00fcr Unternehmen gelten diese Bedingungen, sobald eine Zusammenarbeit vereinbart wird. 2. Leistungsbeschreibung \u201eImmer Weiter\u201c unterst\u00fctzt Unternehmen bei der [&hellip;]<\/p>","protected":false},"author":1,"featured_media":0,"parent":0,"menu_order":0,"comment_status":"closed","ping_status":"closed","template":"","meta":{"footnotes":""},"class_list":["post-5236","page","type-page","status-publish","hentry"],"_links":{"self":[{"href":"https:\/\/immer-weiter.net\/en\/wp-json\/wp\/v2\/pages\/5236","targetHints":{"allow":["GET"]}}],"collection":[{"href":"https:\/\/immer-weiter.net\/en\/wp-json\/wp\/v2\/pages"}],"about":[{"href":"https:\/\/immer-weiter.net\/en\/wp-json\/wp\/v2\/types\/page"}],"author":[{"embeddable":true,"href":"https:\/\/immer-weiter.net\/en\/wp-json\/wp\/v2\/users\/1"}],"replies":[{"embeddable":true,"href":"https:\/\/immer-weiter.net\/en\/wp-json\/wp\/v2\/comments?post=5236"}],"version-history":[{"count":13,"href":"https:\/\/immer-weiter.net\/en\/wp-json\/wp\/v2\/pages\/5236\/revisions"}],"predecessor-version":[{"id":5458,"href":"https:\/\/immer-weiter.net\/en\/wp-json\/wp\/v2\/pages\/5236\/revisions\/5458"}],"wp:attachment":[{"href":"https:\/\/immer-weiter.net\/en\/wp-json\/wp\/v2\/media?parent=5236"}],"curies":[{"name":"wp","href":"https:\/\/api.w.org\/{rel}","templated":true}]}}