{"id":1200,"date":"2023-05-09T02:33:44","date_gmt":"2023-05-09T02:33:44","guid":{"rendered":"https:\/\/demoapus1.com\/jobtex-new\/?page_id=1200"},"modified":"2026-01-05T12:09:54","modified_gmt":"2026-01-05T12:09:54","slug":"enregistrer","status":"publish","type":"page","link":"https:\/\/immer-weiter.net\/fr\/enregistrer\/","title":{"rendered":"S'inscrire"},"content":{"rendered":"<div data-elementor-type=\"wp-page\" data-elementor-id=\"1200\" class=\"elementor elementor-1200\">\n\t\t\t\t<div class=\"elementor-element elementor-element-90892f2 e-flex e-con-boxed e-con e-parent\" data-id=\"90892f2\" data-element_type=\"container\">\n\t\t\t\t\t<div class=\"e-con-inner\">\n\t\t\t\t<div class=\"elementor-element elementor-element-c457b45 elementor-widget elementor-widget-heading\" data-id=\"c457b45\" data-element_type=\"widget\" data-widget_type=\"heading.default\">\n\t\t\t\t\t<h1 class=\"elementor-heading-title elementor-size-default\">Cr\u00e9ez gratuitement un profil de candidat<\/h1>\t\t\t\t<\/div>\n\t\t\t\t<div class=\"elementor-element elementor-element-6ded4d3 elementor-widget elementor-widget-text-editor\" data-id=\"6ded4d3\" data-element_type=\"widget\" data-widget_type=\"text-editor.default\">\n\t\t\t\t\t\t\t\t\t<p>L'inscription des employeurs n'est actuellement possible que sur invitation. Veuillez <span style=\"text-decoration: underline;\"><strong><a href=\"https:\/\/khaki-goat-386457.hostingersite.com\/kontakt\/\">contacter<\/a> <\/strong><\/span>Contactez-nous pour obtenir un compte employeur<\/p>\t\t\t\t\t\t\t\t<\/div>\n\t\t\t\t<div class=\"elementor-element elementor-element-7824a30 elementor-widget__width-initial elementor-widget elementor-widget-shortcode\" data-id=\"7824a30\" data-element_type=\"widget\" data-widget_type=\"shortcode.default\">\n\t\t\t\t\t\t\t<div class=\"elementor-shortcode\">\n<div class=\"register-form register-form-wrapper\">\n\n\t\n\t<div class=\"tab-content clearfix\">\n\t\t\t\t    <div class=\"tab-pane active\" id=\"apus_register_form_candidate_PMnb4\">\n\t\t        \n<div class=\"register-form-wrapper\">\n  \t<div class=\"container-form\">\n\n  \t\t\n\t\t\n  \t\t<form action=\"\" class=\"cmb-form _candidate_register_fields\" method=\"post\" id=\"_candidate_register_fields_5014\" enctype=\"multipart\/form-data\" encoding=\"multipart\/form-data\" data-trp-original-action=\"\"><input type=\"hidden\" name=\"wp_job_board_pro_register_candidate_form\" value=\"wp_job_board_pro_register_candidate_form\"><input type=\"hidden\" name=\"object_id\" value=\"y860t\">\n<!-- Begin CMB2 Fields -->\n<input type=\"hidden\" id=\"nonce_CMB2php_candidate_register_fields\" name=\"nonce_CMB2php_candidate_register_fields\" value=\"535eed71b3\" \/><div class=\"cmb2-wrap form-table\"><div id=\"cmb2-metabox-_candidate_register_fields\" class=\"cmb2-metabox cmb-field-list\"><div class=\"cmb-row cmb-type-text cmb2-id--candidate-email table-layout\" data-fieldtype=\"text\">\n<div class=\"cmb-th\">Email <span class=\"required\">*<\/span><\/div>\n\t<div class=\"cmb-td\">\n<input type=\"text\" class=\"regular-text\" name=\"_candidate_email\" id=\"_candidate_email\" value=\"\" data-hash='5d52tsq4k6r0' placeholder=\"Email\" required=\"1\"\/>\n\t<\/div>\n<\/div><div class=\"cmb-row cmb-type-hide-show-password cmb2-id--candidate-password\" data-fieldtype=\"hide_show_password\">\n<div class=\"cmb-th\">Password <span class=\"required\">*<\/span><\/div>\n\t<div class=\"cmb-td\">\n \n\t\t<span class=\"show_hide_password_wrapper\">\n\t\t\t<input type=\"password\" class=\"regular-text\" name=\"_candidate_password\" id=\"hide_show_password\" value=\"\" data-lpignore='1' autocomplete=\"off\" data-hash='22je8icbor60' placeholder=\"Password\" required=\"1\"\/>\t\t\t<a class=\"toggle-password\" title=\"Show\"><span class=\"dashicons dashicons-hidden\"><\/span><\/a>\n\t\t<\/span>\n\t\t\n\t<\/div>\n<\/div><div class=\"cmb-row cmb-type-hide-show-password cmb2-id--candidate-confirmpassword\" data-fieldtype=\"hide_show_password\">\n<div class=\"cmb-th\">Confirm Password <span class=\"required\">*<\/span><\/div>\n\t<div class=\"cmb-td\">\n \n\t\t<span class=\"show_hide_password_wrapper\">\n\t\t\t<input type=\"password\" class=\"regular-text\" name=\"_candidate_confirmpassword\" id=\"hide_show_password\" value=\"\" data-lpignore='1' autocomplete=\"off\" data-hash='2mtknu85a3fg' placeholder=\"Confirm Password\" required=\"1\"\/>\t\t\t<a class=\"toggle-password\" title=\"Show\"><span class=\"dashicons dashicons-hidden\"><\/span><\/a>\n\t\t<\/span>\n\t\t\n\t<\/div>\n<\/div><div class=\"cmb-row cmb-type-text cmb2-id--candidate-title table-layout\" data-fieldtype=\"text\">\n<div class=\"cmb-th\">Nom complet <span class=\"required\">*<\/span><\/div>\n\t<div class=\"cmb-td\">\n<input type=\"text\" class=\"regular-text\" name=\"_candidate_title\" id=\"_candidate_title\" value=\"\" data-hash='2h4jsnd6p63g' required=\"required\" placeholder=\"Entrez votre nom\"\/>\n\t<\/div>\n<\/div><div class=\"cmb-row cmb-type-text cmb2-id-custom-text-35690340 table-layout\" data-fieldtype=\"text\">\n<div class=\"cmb-th\">nationalit\u00e9 <span class=\"required\">*<\/span><\/div>\n\t<div class=\"cmb-td\">\n<input type=\"text\" class=\"regular-text\" name=\"custom-text-35690340\" id=\"custom-text-35690340\" value=\"\" data-hash='77r74lfba9s0' placeholder=\"par exemple, le Togo\" required=\"required\"\/>\n\t<\/div>\n<\/div><div class=\"cmb-row cmb-type-text cmb2-id--candidate-phone table-layout\" data-fieldtype=\"text\">\n<div class=\"cmb-th\">num\u00e9ro de t\u00e9l\u00e9phone <span class=\"required\">*<\/span><\/div>\n\t<div class=\"cmb-td\">\n<input type=\"text\" class=\"regular-text\" name=\"_candidate_phone\" id=\"_candidate_phone\" value=\"\" data-hash='1tql1h7819hg' placeholder=\"avec indicatif pays\" required=\"required\"\/>\n\t<\/div>\n<\/div><div class=\"cmb-row cmb-type-pw-select cmb2-id--candidate-gender\" data-fieldtype=\"pw_select\">\n<div class=\"cmb-th\">Sexe <span class=\"required\">*<\/span><\/div>\n\t<div class=\"cmb-td\">\n<select class=\"pw_select2 pw_select\" name=\"_candidate_gender\" id=\"_candidate_gender\" data-placeholder='' data-hash='6u503ksls950' required=\"required\" data-allowclear='1' data-width='100%'><option><\/option>\t<option value=\"Beides\" >Les deux<\/option>\n\t<option value=\"Frau\" >femme<\/option>\n\t<option value=\"Mann\" >homme<\/option>\n<\/select>\n\t<\/div>\n<\/div><div class=\"cmb-row cmb-type-pw-select cmb2-id--candidate-age\" data-fieldtype=\"pw_select\">\n<div class=\"cmb-th\">\u00e2ge <span class=\"required\">*<\/span><\/div>\n\t<div class=\"cmb-td\">\n<select class=\"pw_select2 pw_select\" name=\"_candidate_age\" id=\"_candidate_age\" data-placeholder='---W\u00e4hlen---' data-hash='klgjhum8sjk0' placeholder=\"---W\u00e4hlen---\" required=\"required\" data-allowclear='1' data-width='100%'><option><\/option>\t<option value=\"18-20\" >18-20<\/option>\n\t<option value=\"20-25\" >20-25<\/option>\n\t<option value=\"25-30\" >25-30<\/option>\n\t<option value=\"30-35\" >30-35<\/option>\n\t<option value=\"33-40\" >33-40<\/option>\n\t<option value=\"40-50\" >40-50<\/option>\n\t<option value=\"\"  selected='selected'><\/option>\n<\/select>\n\t<\/div>\n<\/div><div class=\"cmb-row cmb-type-pw-taxonomy-select cmb2-id--candidate-category\" data-fieldtype=\"pw_taxonomy_select\">\n<div class=\"cmb-th\">Quel est le secteur qui t'int\u00e9resse en Allemagne ? <span class=\"required\">*<\/span><\/div>\n\t<div class=\"cmb-td\">\n<select class=\"pw_taxonomy_select2 pw_taxonomy_select\" name=\"_candidate_category\" id=\"_candidate_category\" data-placeholder='' data-hash='4nccrjleimf0' required=\"required\"><option><\/option>\t<option value=\"217\" >secteur du b\u00e2timent et des travaux publics<\/option>\n\t<option value=\"218\" >Commerce de d\u00e9tail<\/option>\n\t<option value=\"220\" >restauration<\/option>\n\t<option value=\"216\" >secteur de la sant\u00e9<\/option>\n\t<option value=\"221\" >secteur h\u00f4telier<\/option>\n\t<option value=\"219\" >Logistique<\/option>\n<\/select>\n\t<\/div>\n<\/div><div class=\"cmb-row cmb-type-text cmb2-id-deutsch-languschool-40190696 table-layout\" data-fieldtype=\"text\">\n<div class=\"cmb-th\">\u00c9cole de langues o\u00f9 tu apprends l'allemand ? <span class=\"required\">*<\/span><\/div>\n\t<div class=\"cmb-td\">\n<input type=\"text\" class=\"regular-text\" name=\"deutsch-languschool-40190696\" id=\"deutsch-languschool-40190696\" value=\"\" data-hash='62lejfk2ocj0' required=\"required\"\/>\n\t<\/div>\n<\/div><div class=\"cmb-row cmb-type-pw-select cmb2-id--candidate-languages\" data-fieldtype=\"pw_select\">\n<div class=\"cmb-th\">Quel niveau linguistique as-tu d\u00e9j\u00e0 atteint ? <span class=\"required\">*<\/span><\/div>\n\t<div class=\"cmb-td\">\n<select class=\"pw_select2 pw_select\" name=\"_candidate_languages\" id=\"_candidate_languages\" data-placeholder='--- W\u00e4hlen---' data-hash='641rom7bcvq0' placeholder=\"--- W\u00e4hlen---\" required=\"required\" data-allowclear='1' data-width='100%'><option><\/option>\t<option value=\"A1\" >A1<\/option>\n\t<option value=\"A2\" >A2<\/option>\n\t<option value=\"B1\" >B1<\/option>\n\t<option value=\"B2\" >B2<\/option>\n<\/select>\n\t<\/div>\n<\/div><\/div><\/div><input type=\"hidden\" class=\"cmb2-hidden\" name=\"post_type\" id=\"post_type\" value=\"candidate\" data-hash='2khp2m90olu0'\/>\n<!-- End CMB2 Fields -->\n \n\t\t\t\t<div class=\"form-group\">\n\t\t\t\t\t<label for=\"register-terms-and-conditions\">\n\t\t\t\t\t\t<input type=\"checkbox\" name=\"terms_and_conditions\" value=\"on\" id=\"register-terms-and-conditions\" required>\n\t\t\t\t\t\tYou accept our <a href=\"https:\/\/immer-weiter.net\/fr\/mentions-legales\/\">Terms and Conditions and Privacy Policy<\/a>\n\t\t\t\t\t<\/label>\n\t\t\t\t<\/div><input type=\"submit\" name=\"submit-cmb-register-candidate\" value=\"Register now\" class=\"button-primary\"><input type=\"hidden\" name=\"trp-form-language\" value=\"fr\"\/><\/form>\n    <\/div>\n\n<\/div>\n\t\t    <\/div>\n\t\t\t\t\n\t\t\t<\/div>\n<\/div><\/div>\n\t\t\t\t\t\t<\/div>\n\t\t\t\t\t<\/div>\n\t\t\t\t<\/div>\n\t\t\t\t<\/div>","protected":false},"excerpt":{"rendered":"<p>Erstelle ein kostenloses Kandidatenprofil Die Registrierung von Arbeitgebern ist derzeit nur auf Einladung m\u00f6glich. Bitte kontaktieren Sie uns, um ein Arbeitgeberkonto zu erhalten<\/p>","protected":false},"author":1,"featured_media":0,"parent":0,"menu_order":0,"comment_status":"closed","ping_status":"closed","template":"","meta":{"footnotes":""},"class_list":["post-1200","page","type-page","status-publish","hentry"],"_links":{"self":[{"href":"https:\/\/immer-weiter.net\/fr\/wp-json\/wp\/v2\/pages\/1200","targetHints":{"allow":["GET"]}}],"collection":[{"href":"https:\/\/immer-weiter.net\/fr\/wp-json\/wp\/v2\/pages"}],"about":[{"href":"https:\/\/immer-weiter.net\/fr\/wp-json\/wp\/v2\/types\/page"}],"author":[{"embeddable":true,"href":"https:\/\/immer-weiter.net\/fr\/wp-json\/wp\/v2\/users\/1"}],"replies":[{"embeddable":true,"href":"https:\/\/immer-weiter.net\/fr\/wp-json\/wp\/v2\/comments?post=1200"}],"version-history":[{"count":20,"href":"https:\/\/immer-weiter.net\/fr\/wp-json\/wp\/v2\/pages\/1200\/revisions"}],"predecessor-version":[{"id":5550,"href":"https:\/\/immer-weiter.net\/fr\/wp-json\/wp\/v2\/pages\/1200\/revisions\/5550"}],"wp:attachment":[{"href":"https:\/\/immer-weiter.net\/fr\/wp-json\/wp\/v2\/media?parent=1200"}],"curies":[{"name":"wp","href":"https:\/\/api.w.org\/{rel}","templated":true}]}}