{"id":3,"date":"2025-12-25T12:21:03","date_gmt":"2025-12-25T12:21:03","guid":{"rendered":"https:\/\/immer-weiter.net\/?page_id=3"},"modified":"2026-01-05T12:17:32","modified_gmt":"2026-01-05T12:17:32","slug":"protection-des-donnees","status":"publish","type":"page","link":"https:\/\/immer-weiter.net\/fr\/protection-des-donnees\/","title":{"rendered":"protection des donn\u00e9es"},"content":{"rendered":"<div data-elementor-type=\"wp-page\" data-elementor-id=\"3\" class=\"elementor elementor-3\">\n\t\t\t\t<div class=\"elementor-element elementor-element-79ed3bae e-flex e-con-boxed e-con e-parent\" data-id=\"79ed3bae\" data-element_type=\"container\">\n\t\t\t\t\t<div class=\"e-con-inner\">\n\t\t\t\t<div class=\"elementor-element elementor-element-8b9f643 elementor-widget elementor-widget-heading\" data-id=\"8b9f643\" data-element_type=\"widget\" data-widget_type=\"heading.default\">\n\t\t\t\t\t<h1 class=\"elementor-heading-title elementor-size-default\">Politique de confidentialit\u00e9<\/h1>\t\t\t\t<\/div>\n\t\t\t\t<div class=\"elementor-element elementor-element-db11971 elementor-widget elementor-widget-heading\" data-id=\"db11971\" data-element_type=\"widget\" data-widget_type=\"heading.default\">\n\t\t\t\t\t<h4 class=\"elementor-heading-title elementor-size-default\">1. la protection des donn\u00e9es en un coup d'\u0153il<\/h4>\t\t\t\t<\/div>\n\t\t\t\t<div class=\"elementor-element elementor-element-ac75d11 elementor-widget elementor-widget-text-editor\" data-id=\"ac75d11\" data-element_type=\"widget\" data-widget_type=\"text-editor.default\">\n\t\t\t\t\t\t\t\t\t<p><strong>Remarques g\u00e9n\u00e9rales<\/strong><\/p>\n<p>Les indications suivantes donnent un aper\u00e7u de ce qui se passe avec vos donn\u00e9es personnelles lorsque vous visitez ce site web, prenez contact avec lui ou vous y inscrivez. Les donn\u00e9es personnelles sont toutes les donn\u00e9es qui permettent de vous identifier personnellement.<\/p>\n<p><strong>Collecte de donn\u00e9es sur ce site web<\/strong><\/p>\n<p>Une partie des donn\u00e9es est collect\u00e9e afin de garantir une mise \u00e0 disposition sans erreur du site web. D'autres donn\u00e9es sont trait\u00e9es pour la communication, l'enregistrement et le placement d'apprentis et de personnel.<br \/>Pour analyser l'utilisation du site web, nous utilisons Google Analytics 4 - exclusivement sur la base de votre consentement.<\/p>\n<p><strong>Vos droits<\/strong><\/p>\n<p>Vous avez \u00e0 tout moment le droit d'obtenir des informations, de rectifier, d'effacer, de limiter le traitement, de transmettre des donn\u00e9es et de vous opposer \u00e0 leur traitement. Vous pouvez r\u00e9voquer \u00e0 tout moment le consentement que vous avez donn\u00e9.<\/p>\t\t\t\t\t\t\t\t<\/div>\n\t\t\t\t<div class=\"elementor-element elementor-element-51a02ed elementor-widget elementor-widget-heading\" data-id=\"51a02ed\" data-element_type=\"widget\" data-widget_type=\"heading.default\">\n\t\t\t\t\t<h4 class=\"elementor-heading-title elementor-size-default\">2. responsable<\/h4>\t\t\t\t<\/div>\n\t\t\t\t<div class=\"elementor-element elementor-element-06fdc48 elementor-widget elementor-widget-text-editor\" data-id=\"06fdc48\" data-element_type=\"widget\" data-widget_type=\"text-editor.default\">\n\t\t\t\t\t\t\t\t\t<p><strong>Yekini Belo \u201eToujours plus loin\u201c - Apprentissage &amp; Recrutement<\/strong><\/p><p>4a, rue du Drank<br \/>82275 Emmering<br \/>Allemagne<\/p><p>T\u00e9l\u00e9phone : +49 176 82363863<br \/>E-Mail: info@khaki-goat-386457.hostingersite.com<\/p>\t\t\t\t\t\t\t\t<\/div>\n\t\t\t\t<div class=\"elementor-element elementor-element-346bcf7 elementor-widget elementor-widget-heading\" data-id=\"346bcf7\" data-element_type=\"widget\" data-widget_type=\"heading.default\">\n\t\t\t\t\t<h4 class=\"elementor-heading-title elementor-size-default\">3. l'h\u00e9bergement<\/h4>\t\t\t\t<\/div>\n\t\t\t\t<div class=\"elementor-element elementor-element-53aef23 elementor-widget elementor-widget-text-editor\" data-id=\"53aef23\" data-element_type=\"widget\" data-widget_type=\"text-editor.default\">\n\t\t\t\t\t\t\t\t\t<p>Ce site web est h\u00e9berg\u00e9 par le fournisseur suivant :<\/p><p><strong>Hostinger International Ltd.<\/strong><br \/>61 rue Lordou Vironos<br \/>6023 Larnaca<br \/>Chypre<br \/>Site web : <a href=\"https:\/\/www.wpconsults.com\/shared-hosting-hostinger\" target=\"_blank\" rel=\"noopener\">https:\/\/www.hostinger.com<\/a><\/p><p>Lors de la visite de notre site web, Hostinger traite des donn\u00e9es techniques de log (par ex. adresse IP, heure d'acc\u00e8s) afin de garantir un fonctionnement s\u00fbr et stable du site web.<\/p><p><strong>Base juridique :<\/strong><br \/>Art. 6, alin\u00e9a 1, lettre f du RGPD (int\u00e9r\u00eat l\u00e9gitime \u00e0 un fonctionnement s\u00fbr et stable)<\/p><p>Il existe un contrat de traitement des commandes (CAT) avec le fournisseur d'h\u00e9bergement.<\/p>\t\t\t\t\t\t\t\t<\/div>\n\t\t\t\t<div class=\"elementor-element elementor-element-e28c5ac elementor-widget elementor-widget-heading\" data-id=\"e28c5ac\" data-element_type=\"widget\" data-widget_type=\"heading.default\">\n\t\t\t\t\t<h4 class=\"elementor-heading-title elementor-size-default\">4. les fichiers journaux du serveur<\/h4>\t\t\t\t<\/div>\n\t\t\t\t<div class=\"elementor-element elementor-element-1400944 elementor-widget elementor-widget-text-editor\" data-id=\"1400944\" data-element_type=\"widget\" data-widget_type=\"text-editor.default\">\n\t\t\t\t\t\t\t\t\t<p>Lorsque vous consultez ce site web, les donn\u00e9es suivantes sont automatiquement collect\u00e9es :<\/p>\n<ul>\n<li>Adresse IP<\/li>\n<li>date et heure de l'acc\u00e8s<\/li>\n<li>Type et version du navigateur<\/li>\n<li>Syst\u00e8me d'exploitation<\/li>\n<li>URL du r\u00e9f\u00e9rent<\/li>\n<\/ul>\n<p>Ces donn\u00e9es servent uniquement \u00e0 la surveillance technique, \u00e0 la s\u00e9curit\u00e9 du syst\u00e8me et \u00e0 l'analyse des erreurs.<\/p>\n<p><strong>Base juridique :<\/strong><br \/>Art. 6, alin\u00e9a 1, lettre f du RGPD<\/p>\n<p><strong>Dur\u00e9e de conservation :<\/strong><br \/>Selon les directives de l'h\u00e9bergeur, en g\u00e9n\u00e9ral quelques jours \u00e0 quelques semaines.<\/p>\t\t\t\t\t\t\t\t<\/div>\n\t\t\t\t<div class=\"elementor-element elementor-element-8c1bc81 elementor-widget elementor-widget-heading\" data-id=\"8c1bc81\" data-element_type=\"widget\" data-widget_type=\"heading.default\">\n\t\t\t\t\t<h4 class=\"elementor-heading-title elementor-size-default\">5. cookies et gestion du consentement<\/h4>\t\t\t\t<\/div>\n\t\t\t\t<div class=\"elementor-element elementor-element-bc0bd5b elementor-widget elementor-widget-text-editor\" data-id=\"bc0bd5b\" data-element_type=\"widget\" data-widget_type=\"text-editor.default\">\n\t\t\t\t\t\t\t\t\t<p>Notre site web utilise des cookies.<\/p>\n<ol>\n<li><strong>a) Cookies techniquement n\u00e9cessaires<\/strong><\/li>\n<\/ol>\n<p>Ces cookies sont n\u00e9cessaires au bon fonctionnement du site.<\/p>\n<p><strong>Base juridique :<\/strong><br \/>Art. 6, alin\u00e9a 1, lettre f du RGPD<\/p>\n<ol>\n<li><strong>b) Cookies statistiques (Google Analytics)<\/strong><\/li>\n<\/ol>\n<p>Les cookies destin\u00e9s \u00e0 l'analyse du comportement des utilisateurs ne sont plac\u00e9s qu'apr\u00e8s votre consentement explicite.<\/p>\n<p><strong>Base juridique :<\/strong><br \/>Art. 6, alin\u00e9a 1, lettre a du RGPD<br \/>\u00a7 25 alin\u00e9a 1 TTDSG<\/p>\n<p>Vous pouvez r\u00e9voquer votre consentement \u00e0 tout moment en cliquant sur la banni\u00e8re des cookies.<\/p>\t\t\t\t\t\t\t\t<\/div>\n\t\t\t\t<div class=\"elementor-element elementor-element-019522b elementor-widget elementor-widget-heading\" data-id=\"019522b\" data-element_type=\"widget\" data-widget_type=\"heading.default\">\n\t\t\t\t\t<h4 class=\"elementor-heading-title elementor-size-default\">6. Google Analytics (GA4)<\/h4>\t\t\t\t<\/div>\n\t\t\t\t<div class=\"elementor-element elementor-element-ba9caa6 elementor-widget elementor-widget-text-editor\" data-id=\"ba9caa6\" data-element_type=\"widget\" data-widget_type=\"text-editor.default\">\n\t\t\t\t\t\t\t\t\t<p>Ce site utilise <strong>Google Analytics 4<\/strong>, un service d'analyse de site internet fourni par :<\/p>\n<p><strong>Google Ireland Limited<\/strong><br \/>Gordon House, rue Barrow<br \/>Dublin 4<br \/>Irlande<\/p>\n<p>Google Analytics utilise des cookies qui permettent d'analyser votre utilisation du site. L'adresse IP est anonymis\u00e9e (anonymisation IP).<\/p>\n<p>Les informations g\u00e9n\u00e9r\u00e9es par Google Analytics peuvent \u00eatre transmises aux serveurs de Google aux \u00c9tats-Unis. Google utilise pour cela le <strong>Clauses contractuelles types de l'UE<\/strong>.<\/p>\n<p><strong>Base juridique :<\/strong><br \/>Art. 6, alin\u00e9a 1, lettre a du RGPD (consentement)<\/p>\n<p><strong>Dur\u00e9e de conservation :<\/strong><br \/>14 mois<\/p>\n<p><strong>R\u00e9vocation :<\/strong><br \/>Vous pouvez r\u00e9voquer votre consentement \u00e0 tout moment en cliquant sur la banni\u00e8re des cookies.<\/p>\t\t\t\t\t\t\t\t<\/div>\n\t\t\t\t<div class=\"elementor-element elementor-element-bcd7224 elementor-widget elementor-widget-heading\" data-id=\"bcd7224\" data-element_type=\"widget\" data-widget_type=\"heading.default\">\n\t\t\t\t\t<h4 class=\"elementor-heading-title elementor-size-default\">7. Google reCAPTCHA<\/h4>\t\t\t\t<\/div>\n\t\t\t\t<div class=\"elementor-element elementor-element-857ca61 elementor-widget elementor-widget-text-editor\" data-id=\"857ca61\" data-element_type=\"widget\" data-widget_type=\"text-editor.default\">\n\t\t\t\t\t\t\t\t\t<p>Pour prot\u00e9ger nos formulaires contre les abus, nous utilisons <strong>Google reCAPTCHA<\/strong>.<\/p>\n<p>Fournisseur :<br \/><strong>Google Ireland Limited<\/strong>, Dublin, Irlande<\/p>\n<p>reCAPTCHA analyse le comportement des visiteurs du site (par ex. adresse IP, mouvements de la souris, dur\u00e9e de la visite).<\/p>\n<p><strong>Base juridique :<\/strong><br \/>Art. 6, alin\u00e9a 1, lettre f du RGPD (int\u00e9r\u00eat l\u00e9gitime \u00e0 la protection contre les spams et les abus)<br \/>Dans la mesure o\u00f9 un consentement est obtenu via la banni\u00e8re de cookie : Art. 6, alin\u00e9a 1, lettre a du RGPD<\/p>\n<p>Plus d'informations :<br \/><a href=\"https:\/\/policies.google.com\/privacy\">https:\/\/policies.google.com\/privacy<\/a><\/p>\t\t\t\t\t\t\t\t<\/div>\n\t\t\t\t<div class=\"elementor-element elementor-element-dab41be elementor-widget elementor-widget-heading\" data-id=\"dab41be\" data-element_type=\"widget\" data-widget_type=\"heading.default\">\n\t\t\t\t\t<h4 class=\"elementor-heading-title elementor-size-default\">8. prise de contact<\/h4>\t\t\t\t<\/div>\n\t\t\t\t<div class=\"elementor-element elementor-element-67d8cd4 elementor-widget elementor-widget-text-editor\" data-id=\"67d8cd4\" data-element_type=\"widget\" data-widget_type=\"text-editor.default\">\n\t\t\t\t\t\t\t\t\t<p>Si vous nous contactez par formulaire de contact, par e-mail ou par t\u00e9l\u00e9phone, nous traitons vos donn\u00e9es pour r\u00e9pondre \u00e0 votre demande.<\/p>\n<p><strong>Donn\u00e9es trait\u00e9es :<\/strong><\/p>\n<ul>\n<li>Nom<\/li>\n<li>Coordonn\u00e9es<\/li>\n<li>Contenu de la demande<\/li>\n<\/ul>\n<p><strong>Base juridique :<\/strong><br \/>Art. 6, alin\u00e9a 1, lettre b du RGPD (mesures pr\u00e9contractuelles)<br \/>Art. 6, paragraphe 1, point f du RGPD (communication)<\/p>\n<p><strong>Dur\u00e9e de conservation :<\/strong><br \/>Jusqu'\u00e0 la cl\u00f4ture de la demande, puis conform\u00e9ment aux obligations l\u00e9gales de conservation.<\/p>\t\t\t\t\t\t\t\t<\/div>\n\t\t\t\t<div class=\"elementor-element elementor-element-1523c51 elementor-widget elementor-widget-heading\" data-id=\"1523c51\" data-element_type=\"widget\" data-widget_type=\"heading.default\">\n\t\t\t\t\t<h4 class=\"elementor-heading-title elementor-size-default\">9. inscription &amp; placement (candidats et entreprises)<\/h4>\t\t\t\t<\/div>\n\t\t\t\t<div class=\"elementor-element elementor-element-be407ca elementor-widget elementor-widget-text-editor\" data-id=\"be407ca\" data-element_type=\"widget\" data-widget_type=\"text-editor.default\">\n\t\t\t\t\t\t\t\t\t<p><strong>Inscription<\/strong><\/p><ul><li><strong>candidats<\/strong> peuvent s'enregistrer librement.<\/li><li><strong>Entreprise<\/strong> re\u00e7oivent un acc\u00e8s \u00e0 l'enregistrement sur invitation uniquement.<\/li><\/ul><p><strong>Donn\u00e9es trait\u00e9es<\/strong><\/p><p>Selon le r\u00f4le :<\/p><ul><li>Nom, coordonn\u00e9es<\/li><li>Qualifications, niveau de langue, projet professionnel (candidats)<\/li><li>Donn\u00e9es de l'entreprise, personne de contact (entreprise)<\/li><li>Documents ou m\u00e9dias t\u00e9l\u00e9charg\u00e9s (par ex. CV)<\/li><\/ul><p><strong>Objectif<\/strong><\/p><ul><li>V\u00e9rification de l'enregistrement<\/li><li>Prise de contact<\/li><li>Placement de formation et d'emploi<\/li><li>Organisation du processus de placement<\/li><\/ul><p>L'inscription est sans engagement.<br \/>Il existe <strong>pas de droit au placement, \u00e0 l'embauche ou \u00e0 la conclusion d'un contrat<\/strong>.<\/p><p data-start=\"1563\" data-end=\"1762\"><strong>Dossier de candidature et vid\u00e9os de pr\u00e9sentation<\/strong><\/p><p data-start=\"1563\" data-end=\"1762\">Dans le cadre de l'inscription et du processus de placement, les candidats peuvent t\u00e9l\u00e9charger des documents de candidature (par exemple CV, dipl\u00f4mes, certificats) ainsi que des vid\u00e9os d'entretien via notre site web.<\/p><p data-start=\"1764\" data-end=\"1812\"><strong data-start=\"1764\" data-end=\"1812\">Les donn\u00e9es trait\u00e9es peuvent notamment \u00eatre<\/strong><\/p><ul data-start=\"1813\" data-end=\"1996\"><li data-start=\"1813\" data-end=\"1845\"><p data-start=\"1815\" data-end=\"1845\">Donn\u00e9es d'identit\u00e9 et de contact<\/p><\/li><li data-start=\"1846\" data-end=\"1886\"><p data-start=\"1848\" data-end=\"1886\">Donn\u00e9es relatives \u00e0 la formation et aux qualifications<\/p><\/li><li data-start=\"1887\" data-end=\"1949\"><p data-start=\"1889\" data-end=\"1949\">Donn\u00e9es photo et vid\u00e9o (p. ex. vid\u00e9o de pr\u00e9sentation, photo de candidature)<\/p><\/li><li data-start=\"1950\" data-end=\"1996\"><p data-start=\"1952\" data-end=\"1996\">Connaissances linguistiques et parcours professionnel<\/p><\/li><\/ul><p data-start=\"1998\" data-end=\"2025\"><strong data-start=\"1998\" data-end=\"2025\">la finalit\u00e9 du traitement :<\/strong><\/p><ul data-start=\"2026\" data-end=\"2177\"><li data-start=\"2026\" data-end=\"2064\"><p data-start=\"2028\" data-end=\"2064\">V\u00e9rification de l'\u00e9ligibilit\u00e9 des candidats<\/p><\/li><li data-start=\"2065\" data-end=\"2108\"><p data-start=\"2067\" data-end=\"2108\">Soutien au processus de placement<\/p><\/li><li data-start=\"2109\" data-end=\"2177\"><p data-start=\"2111\" data-end=\"2177\">Pr\u00e9sentation de candidats appropri\u00e9s aux entreprises int\u00e9ress\u00e9es<\/p><\/li><\/ul><p data-start=\"2179\" data-end=\"2282\">Les documents et vid\u00e9os t\u00e9l\u00e9charg\u00e9s sont utilis\u00e9s exclusivement \u00e0 des fins de m\u00e9diation.<\/p><p data-start=\"2284\" data-end=\"2409\">Les candidats sont pri\u00e9s de ne pas t\u00e9l\u00e9charger de donn\u00e9es personnelles sensibles (par exemple, des donn\u00e9es relatives \u00e0 la sant\u00e9), sauf s'ils en font la demande expresse.<\/p><p data-start=\"2284\" data-end=\"2409\"><strong data-start=\"2284\" data-end=\"2309\">Transmission de donn\u00e9es :<\/strong><br data-start=\"2309\" data-end=\"2312\" \/>Les dossiers de candidature et les vid\u00e9os de pr\u00e9sentation sont transmis aux entreprises. <strong data-start=\"2395\" data-end=\"2402\">seulement<\/strong>, quand :<\/p><ul data-start=\"2410\" data-end=\"2541\"><li data-start=\"2410\" data-end=\"2467\"><p data-start=\"2412\" data-end=\"2467\">si cela est n\u00e9cessaire pour le processus de placement et<\/p><\/li><li data-start=\"2468\" data-end=\"2541\"><p data-start=\"2470\" data-end=\"2541\">le candidat a donn\u00e9 son consentement explicite dans le cadre de l'inscription.<\/p><\/li><\/ul><p data-start=\"2543\" data-end=\"2573\"><strong data-start=\"2543\" data-end=\"2571\">Stockage et acc\u00e8s :<\/strong><\/p><ul data-start=\"2574\" data-end=\"2783\"><li data-start=\"2574\" data-end=\"2631\"><p data-start=\"2576\" data-end=\"2631\">Les donn\u00e9es sont stock\u00e9es sur des serveurs s\u00e9curis\u00e9s.<\/p><\/li><li data-start=\"2632\" data-end=\"2726\"><p data-start=\"2634\" data-end=\"2726\">Seul l'exploitant du site web et les personnes express\u00e9ment autoris\u00e9es y ont acc\u00e8s.<\/p><\/li><li data-start=\"2727\" data-end=\"2783\"><p data-start=\"2729\" data-end=\"2783\">Il n'y a pas de mise \u00e0 disposition du public.<\/p><\/li><\/ul><p data-start=\"2785\" data-end=\"3061\"><strong data-start=\"2785\" data-end=\"2803\">Dur\u00e9e de conservation :<\/strong><br data-start=\"2803\" data-end=\"2806\" \/>Les dossiers de candidature et les vid\u00e9os de pr\u00e9sentation sont supprim\u00e9s d\u00e8s que l'objectif de placement n'a plus lieu d'\u00eatre ou que le candidat r\u00e9voque son consentement, mais au plus tard apr\u00e8s 24 mois sans activit\u00e9, dans la mesure o\u00f9 il n'existe aucune obligation l\u00e9gale de conservation.<\/p><p data-start=\"3063\" data-end=\"3184\"><strong data-start=\"3063\" data-end=\"3083\">Base juridique :<\/strong><br data-start=\"3083\" data-end=\"3086\" \/>Art. 6, alin\u00e9a 1, lettre a du RGPD (consentement)<br data-start=\"3127\" data-end=\"3130\" \/>Art. 6, alin\u00e9a 1, lettre b du RGPD (mesures pr\u00e9contractuelles)<\/p>\t\t\t\t\t\t\t\t<\/div>\n\t\t\t\t<div class=\"elementor-element elementor-element-de662a0 elementor-widget elementor-widget-heading\" data-id=\"de662a0\" data-element_type=\"widget\" data-widget_type=\"heading.default\">\n\t\t\t\t\t<h4 class=\"elementor-heading-title elementor-size-default\">10. transmission de donn\u00e9es<\/h4>\t\t\t\t<\/div>\n\t\t\t\t<div class=\"elementor-element elementor-element-0ecd414 elementor-widget elementor-widget-text-editor\" data-id=\"0ecd414\" data-element_type=\"widget\" data-widget_type=\"text-editor.default\">\n\t\t\t\t\t\t\t\t\t<p>Les donn\u00e9es \u00e0 caract\u00e8re personnel ne sont transmises que<\/p>\n<ul>\n<li>avec votre consentement explicite<\/li>\n<li>si elle est n\u00e9cessaire au processus de placement<\/li>\n<li>en cas d'obligation l\u00e9gale<\/li>\n<\/ul>\t\t\t\t\t\t\t\t<\/div>\n\t\t\t\t<div class=\"elementor-element elementor-element-e387565 elementor-widget elementor-widget-heading\" data-id=\"e387565\" data-element_type=\"widget\" data-widget_type=\"heading.default\">\n\t\t\t\t\t<h4 class=\"elementor-heading-title elementor-size-default\">11. lien avec un pays tiers<\/h4>\t\t\t\t<\/div>\n\t\t\t\t<div class=\"elementor-element elementor-element-9c35afa elementor-widget elementor-widget-text-editor\" data-id=\"9c35afa\" data-element_type=\"widget\" data-widget_type=\"text-editor.default\">\n\t\t\t\t\t\t\t\t\t<p>Dans le cadre du placement, des donn\u00e9es \u00e0 caract\u00e8re personnel de candidats de pays tiers peuvent \u00eatre trait\u00e9es.<br \/>Une transmission n'a lieu que si elle est n\u00e9cessaire et si des garanties appropri\u00e9es de protection des donn\u00e9es existent.<\/p>\t\t\t\t\t\t\t\t<\/div>\n\t\t\t\t<div class=\"elementor-element elementor-element-bdbab17 elementor-widget elementor-widget-heading\" data-id=\"bdbab17\" data-element_type=\"widget\" data-widget_type=\"heading.default\">\n\t\t\t\t\t<h4 class=\"elementor-heading-title elementor-size-default\">12. dur\u00e9e de conservation<\/h4>\t\t\t\t<\/div>\n\t\t\t\t<div class=\"elementor-element elementor-element-667f404 elementor-widget elementor-widget-text-editor\" data-id=\"667f404\" data-element_type=\"widget\" data-widget_type=\"text-editor.default\">\n\t\t\t\t\t\t\t\t\t<p>Les donn\u00e9es \u00e0 caract\u00e8re personnel sont supprim\u00e9es d\u00e8s que la finalit\u00e9 n'existe plus ou que vous r\u00e9voquez votre consentement.<\/p>\n<p>Valeur indicative :<\/p>\n<ul>\n<li>Dates d'enregistrement : max. 24 mois sans activit\u00e9<\/li>\n<\/ul>\n<p>Les obligations l\u00e9gales de conservation ne sont pas affect\u00e9es.<\/p>\t\t\t\t\t\t\t\t<\/div>\n\t\t\t\t<div class=\"elementor-element elementor-element-27a6f09 elementor-widget elementor-widget-heading\" data-id=\"27a6f09\" data-element_type=\"widget\" data-widget_type=\"heading.default\">\n\t\t\t\t\t<h4 class=\"elementor-heading-title elementor-size-default\">13. m\u00e9dias sociaux<\/h4>\t\t\t\t<\/div>\n\t\t\t\t<div class=\"elementor-element elementor-element-9648998 elementor-widget elementor-widget-text-editor\" data-id=\"9648998\" data-element_type=\"widget\" data-widget_type=\"text-editor.default\">\n\t\t\t\t\t\t\t\t\t<p>Sur ce site web, il n'y a que des liens vers des profils de m\u00e9dias sociaux (par exemple Instagram, Facebook, LinkedIn).<\/p>\n<p>Aucune donn\u00e9e n'est transmise \u00e0 ces plateformes lors de la visite de notre site web.<br \/>Ce n'est qu'en cliquant sur le lien en question que les dispositions relatives \u00e0 la protection des donn\u00e9es du fournisseur s'appliquent.<\/p>\t\t\t\t\t\t\t\t<\/div>\n\t\t\t\t<div class=\"elementor-element elementor-element-7f82cee elementor-widget elementor-widget-heading\" data-id=\"7f82cee\" data-element_type=\"widget\" data-widget_type=\"heading.default\">\n\t\t\t\t\t<h4 class=\"elementor-heading-title elementor-size-default\">14. cryptage SSL\/TLS<\/h4>\t\t\t\t<\/div>\n\t\t\t\t<div class=\"elementor-element elementor-element-081ce35 elementor-widget elementor-widget-text-editor\" data-id=\"081ce35\" data-element_type=\"widget\" data-widget_type=\"text-editor.default\">\n\t\t\t\t\t\t\t\t\t<p>Ce site web utilise un cryptage SSL ou TLS pour prot\u00e9ger la transmission des donn\u00e9es.<\/p>\t\t\t\t\t\t\t\t<\/div>\n\t\t\t\t<div class=\"elementor-element elementor-element-843ad1d elementor-widget elementor-widget-heading\" data-id=\"843ad1d\" data-element_type=\"widget\" data-widget_type=\"heading.default\">\n\t\t\t\t\t<h4 class=\"elementor-heading-title elementor-size-default\">15. vos droits<\/h4>\t\t\t\t<\/div>\n\t\t\t\t<div class=\"elementor-element elementor-element-323a9e9 elementor-widget elementor-widget-text-editor\" data-id=\"323a9e9\" data-element_type=\"widget\" data-widget_type=\"text-editor.default\">\n\t\t\t\t\t\t\t\t\t<p>Vous avez le droit de<\/p>\n<ul>\n<li>Information (article 15 du RGPD)<\/li>\n<li>Rectification (article 16 du RGPD)<\/li>\n<li>Effacement (article 17 du RGPD)<\/li>\n<li>Restriction (article 18 du RGPD)<\/li>\n<li>Transf\u00e9rabilit\u00e9 des donn\u00e9es (art. 20 RGPD)<\/li>\n<li>Opposition (article 21 du RGPD)<\/li>\n<\/ul>\n<p>Vous avez \u00e9galement le droit de d\u00e9poser une plainte aupr\u00e8s d'une autorit\u00e9 de surveillance de la protection des donn\u00e9es.<\/p>\t\t\t\t\t\t\t\t<\/div>\n\t\t\t\t<div class=\"elementor-element elementor-element-d6fae5d elementor-widget elementor-widget-heading\" data-id=\"d6fae5d\" data-element_type=\"widget\" data-widget_type=\"heading.default\">\n\t\t\t\t\t<h4 class=\"elementor-heading-title elementor-size-default\">16. modifications de la pr\u00e9sente d\u00e9claration de confidentialit\u00e9<\/h4>\t\t\t\t<\/div>\n\t\t\t\t<div class=\"elementor-element elementor-element-2cc45ff elementor-widget elementor-widget-text-editor\" data-id=\"2cc45ff\" data-element_type=\"widget\" data-widget_type=\"text-editor.default\">\n\t\t\t\t\t\t\t\t\t<p>Nous nous r\u00e9servons le droit d'adapter la pr\u00e9sente d\u00e9claration de protection des donn\u00e9es en cas de modifications juridiques ou techniques.<\/p>\t\t\t\t\t\t\t\t<\/div>\n\t\t\t\t\t<\/div>\n\t\t\t\t<\/div>\n\t\t\t\t<\/div>","protected":false},"excerpt":{"rendered":"<p>Datenschutzerkl\u00e4rung 1. Datenschutz auf einen Blick Allgemeine Hinweise Die folgenden Hinweise geben einen \u00dcberblick dar\u00fcber, was mit Ihren personenbezogenen Daten passiert, wenn Sie diese Website besuchen, Kontakt aufnehmen oder sich registrieren. Personenbezogene Daten sind alle Daten, mit denen Sie pers\u00f6nlich identifiziert werden k\u00f6nnen. Datenerfassung auf dieser Website Ein Teil der Daten wird erhoben, um die [&hellip;]<\/p>","protected":false},"author":1,"featured_media":0,"parent":0,"menu_order":0,"comment_status":"closed","ping_status":"closed","template":"","meta":{"footnotes":""},"class_list":["post-3","page","type-page","status-publish","hentry"],"_links":{"self":[{"href":"https:\/\/immer-weiter.net\/fr\/wp-json\/wp\/v2\/pages\/3","targetHints":{"allow":["GET"]}}],"collection":[{"href":"https:\/\/immer-weiter.net\/fr\/wp-json\/wp\/v2\/pages"}],"about":[{"href":"https:\/\/immer-weiter.net\/fr\/wp-json\/wp\/v2\/types\/page"}],"author":[{"embeddable":true,"href":"https:\/\/immer-weiter.net\/fr\/wp-json\/wp\/v2\/users\/1"}],"replies":[{"embeddable":true,"href":"https:\/\/immer-weiter.net\/fr\/wp-json\/wp\/v2\/comments?post=3"}],"version-history":[{"count":35,"href":"https:\/\/immer-weiter.net\/fr\/wp-json\/wp\/v2\/pages\/3\/revisions"}],"predecessor-version":[{"id":5431,"href":"https:\/\/immer-weiter.net\/fr\/wp-json\/wp\/v2\/pages\/3\/revisions\/5431"}],"wp:attachment":[{"href":"https:\/\/immer-weiter.net\/fr\/wp-json\/wp\/v2\/media?parent=3"}],"curies":[{"name":"wp","href":"https:\/\/api.w.org\/{rel}","templated":true}]}}