{"id":4505,"date":"2025-12-30T08:15:41","date_gmt":"2025-12-30T08:15:41","guid":{"rendered":"https:\/\/immer-weiter.net\/?page_id=4505"},"modified":"2026-01-17T06:05:00","modified_gmt":"2026-01-17T06:05:00","slug":"pour-les-candidats","status":"publish","type":"page","link":"https:\/\/immer-weiter.net\/fr\/pour-les-candidats\/","title":{"rendered":"Pour les candidats"},"content":{"rendered":"<div data-elementor-type=\"wp-page\" data-elementor-id=\"4505\" class=\"elementor elementor-4505\">\n\t\t\t\t<div class=\"elementor-element elementor-element-a1d71a5 e-flex e-con-boxed e-con e-parent\" data-id=\"a1d71a5\" data-element_type=\"container\">\n\t\t\t\t\t<div class=\"e-con-inner\">\n\t\t<div class=\"elementor-element elementor-element-9c809bd e-flex e-con-boxed e-con e-child\" data-id=\"9c809bd\" data-element_type=\"container\">\n\t\t\t\t\t<div class=\"e-con-inner\">\n\t\t\t\t<div class=\"elementor-element elementor-element-105a20b elementor-widget__width-initial elementor-widget elementor-widget-heading\" data-id=\"105a20b\" data-element_type=\"widget\" data-widget_type=\"heading.default\">\n\t\t\t\t\t<h1 class=\"elementor-heading-title elementor-size-default\">Pour les candidats<\/h1>\t\t\t\t<\/div>\n\t\t\t\t<div class=\"elementor-element elementor-element-65935fd elementor-widget elementor-widget-heading\" data-id=\"65935fd\" data-element_type=\"widget\" data-widget_type=\"heading.default\">\n\t\t\t\t\t<h2 class=\"elementor-heading-title elementor-size-default\">Commence ton avenir professionnel dans <span style=\"color:#33b1e4\">Allemagne<\/span><\/h2>\t\t\t\t<\/div>\n\t\t\t\t<div class=\"elementor-element elementor-element-94ecd5c elementor-widget__width-initial elementor-widget elementor-widget-text-editor\" data-id=\"94ecd5c\" data-element_type=\"widget\" data-widget_type=\"text-editor.default\">\n\t\t\t\t\t\t\t\t\t<p>Tu apprends d\u00e9j\u00e0 l'allemand et tu souhaites commencer une formation ou travailler en tant que professionnel en Allemagne ?<br \/>Nous t'accompagnons de mani\u00e8re structur\u00e9e depuis ta candidature jusqu'\u00e0 tes d\u00e9buts dans l'entreprise.<\/p>\t\t\t\t\t\t\t\t<\/div>\n\t\t\t\t\t<\/div>\n\t\t\t\t<\/div>\n\t\t\t\t\t<\/div>\n\t\t\t\t<\/div>\n\t\t<div class=\"elementor-element elementor-element-bb26605 e-flex e-con-boxed e-con e-parent\" data-id=\"bb26605\" data-element_type=\"container\" data-settings=\"{&quot;background_background&quot;:&quot;classic&quot;}\">\n\t\t\t\t\t<div class=\"e-con-inner\">\n\t\t<div class=\"elementor-element elementor-element-ded82f0 e-flex e-con-boxed e-con e-child\" data-id=\"ded82f0\" data-element_type=\"container\">\n\t\t\t\t\t<div class=\"e-con-inner\">\n\t\t\t\t<div class=\"elementor-element elementor-element-4eb3105 elementor-widget elementor-widget-softlite_dynamic_card_box\" data-id=\"4eb3105\" data-element_type=\"widget\" data-widget_type=\"softlite_dynamic_card_box.default\">\n\t\t\t\t<div class=\"elementor-widget-container\">\n\t\t\t\t\t <div class=\"softlite-dynamic-card-box l0w24p3e\"><h2 class=\"spqjff6x softlite-dynamic-card-box-text-1\">Tes avantages avec nous<\/h2><p class=\"oy1frm8i softlite-dynamic-card-box-text-2\">Nous t'accompagnons de mani\u00e8re fiable tout au long du processus et sommes joignables \u00e0 tout moment.<\/p><\/div> \t\t\t\t<\/div>\n\t\t\t\t<\/div>\n\t\t<div class=\"elementor-element elementor-element-fbd7bed e-con-full e-flex e-con e-child\" data-id=\"fbd7bed\" data-element_type=\"container\">\n\t\t\t\t<div class=\"elementor-element elementor-element-c6b3e4e elementor-widget elementor-widget-softlite_dynamic_card_box\" data-id=\"c6b3e4e\" data-element_type=\"widget\" data-widget_type=\"softlite_dynamic_card_box.default\">\n\t\t\t\t<div class=\"elementor-widget-container\">\n\t\t\t\t\t \n\t<div class=\"softlite-dynamic-card-box b1ga80d2 softlite-dynamic-card-box-background-color-1\"><div class=\"hgujlqyh softlite-dynamic-card-box-background-color-2\"><span class=\"\"><svg xmlns=\"http:\/\/www.w3.org\/2000\/svg\" width=\"24\" height=\"24\" viewbox=\"0 0 24 24\" fill=\"none\" stroke=\"currentColor\" stroke-width=\"2\" stroke-linecap=\"round\" stroke-linejoin=\"round\" class=\"hd6wdc1z softlite-dynamic-icon\"><path d=\"M16 21v-2a4 4 0 0 0-4-4H6a4 4 0 0 0-4 4v2\"><\/path><circle cx=\"9\" cy=\"7\" r=\"4\"><\/circle><path d=\"M22 21v-2a4 4 0 0 0-3-3.87\"><\/path><path d=\"M16 3.13a4 4 0 0 1 0 7.75\"><\/path><\/svg><\/span><\/div><h3 class=\"lvq82m2g softlite-dynamic-card-box-text-1\">Conseil personnalis\u00e9<\/h3><p class=\"d4kra23o softlite-dynamic-card-box-text-2\">Soutien pour les candidatures, les contrats, la reconnaissance et les questions de visa<\/p><\/div> \t\t\t\t<\/div>\n\t\t\t\t<\/div>\n\t\t\t\t<div class=\"elementor-element elementor-element-e072cdb elementor-widget elementor-widget-softlite_dynamic_card_box\" data-id=\"e072cdb\" data-element_type=\"widget\" data-widget_type=\"softlite_dynamic_card_box.default\">\n\t\t\t\t<div class=\"elementor-widget-container\">\n\t\t\t\t\t \n\t<div class=\"softlite-dynamic-card-box qt3kojsp softlite-dynamic-card-box-background-color-1\"><div class=\"y0o7wwr5 softlite-dynamic-card-box-background-color-2\"><span class=\"\"><svg xmlns=\"http:\/\/www.w3.org\/2000\/svg\" width=\"24\" height=\"24\" viewbox=\"0 0 24 24\" fill=\"none\" stroke=\"currentColor\" stroke-width=\"2\" stroke-linecap=\"round\" stroke-linejoin=\"round\" class=\"wq54lfk6 softlite-dynamic-icon\"><path d=\"M15 2H6a2 2 0 0 0-2 2v16a2 2 0 0 0 2 2h12a2 2 0 0 0 2-2V7Z\"><\/path><path d=\"M14 2v4a2 2 0 0 0 2 2h4\"><\/path><path d=\"m9 15 2 2 4-4\"><\/path><\/svg><\/span><\/div><h3 class=\"u4sshwcl softlite-dynamic-card-box-text-1\">De v\u00e9ritables opportunit\u00e9s<\/h3><p class=\"yp3qkdh2 softlite-dynamic-card-box-text-2\">Acc\u00e8s \u00e0 des possibilit\u00e9s r\u00e9elles de formation et d'emploi en Allemagne<\/p><\/div> \t\t\t\t<\/div>\n\t\t\t\t<\/div>\n\t\t\t\t<div class=\"elementor-element elementor-element-ae69bb1 elementor-widget elementor-widget-softlite_dynamic_card_box\" data-id=\"ae69bb1\" data-element_type=\"widget\" data-widget_type=\"softlite_dynamic_card_box.default\">\n\t\t\t\t<div class=\"elementor-widget-container\">\n\t\t\t\t\t \n\t<div class=\"softlite-dynamic-card-box ozt8eoji softlite-dynamic-card-box-background-color-1\"><div class=\"ecwrd49d softlite-dynamic-card-box-background-color-2\"><span class=\"\"><svg xmlns=\"http:\/\/www.w3.org\/2000\/svg\" width=\"24\" height=\"24\" viewbox=\"0 0 24 24\" fill=\"none\" stroke=\"currentColor\" stroke-width=\"2\" stroke-linecap=\"round\" stroke-linejoin=\"round\" class=\"z6evyum8 softlite-dynamic-icon\"><path d=\"M12 7v14\"><\/path><path d=\"M3 18a1 1 0 0 1-1-1V4a1 1 0 0 1 1-1h5a4 4 0 0 1 4 4 4 4 0 0 1 4-4h5a1 1 0 0 1 1 1v13a1 1 0 0 1-1 1h-6a3 3 0 0 0-3 3 3 3 0 0 0-3-3z\"><\/path><\/svg><\/span><\/div><h3 class=\"ofni1gis softlite-dynamic-card-box-text-1\">Pr\u00e9paration<\/h3><p class=\"i0fanlkw softlite-dynamic-card-box-text-2\">Conseil sur les questions organisationnelles et culturelles avant le d\u00e9part<\/p><\/div> \t\t\t\t<\/div>\n\t\t\t\t<\/div>\n\t\t\t\t<div class=\"elementor-element elementor-element-9eedcda elementor-widget elementor-widget-softlite_dynamic_card_box\" data-id=\"9eedcda\" data-element_type=\"widget\" data-widget_type=\"softlite_dynamic_card_box.default\">\n\t\t\t\t<div class=\"elementor-widget-container\">\n\t\t\t\t\t \n\t<div class=\"softlite-dynamic-card-box t4gal5qy softlite-dynamic-card-box-background-color-1\"><div class=\"yhzed0id softlite-dynamic-card-box-background-color-2\"><span class=\"\"><svg xmlns=\"http:\/\/www.w3.org\/2000\/svg\" width=\"24\" height=\"24\" viewbox=\"0 0 24 24\" fill=\"none\" stroke=\"currentColor\" stroke-width=\"2\" stroke-linecap=\"round\" stroke-linejoin=\"round\" class=\"dmllbft3 softlite-dynamic-icon\"><circle cx=\"12\" cy=\"12\" r=\"10\"><\/circle><path d=\"M12 2a14.5 14.5 0 0 0 0 20 14.5 14.5 0 0 0 0-20\"><\/path><path d=\"M2 12h20\"><\/path><\/svg><\/span><\/div><h3 class=\"c1gmgwv2 softlite-dynamic-card-box-text-1\">Support linguistique<\/h3><p class=\"hv4nm6u0 softlite-dynamic-card-box-text-2\">Orientation autour des cours d'allemand et des certificats de langue<\/p><\/div> \t\t\t\t<\/div>\n\t\t\t\t<\/div>\n\t\t\t\t<div class=\"elementor-element elementor-element-ba7eff1 elementor-widget elementor-widget-softlite_dynamic_card_box\" data-id=\"ba7eff1\" data-element_type=\"widget\" data-widget_type=\"softlite_dynamic_card_box.default\">\n\t\t\t\t<div class=\"elementor-widget-container\">\n\t\t\t\t\t \n\t<div class=\"softlite-dynamic-card-box cxc3nrue softlite-dynamic-card-box-background-color-1\"><div class=\"arno6nt8 softlite-dynamic-card-box-background-color-2\"><span class=\"\"><svg xmlns=\"http:\/\/www.w3.org\/2000\/svg\" width=\"24\" height=\"24\" viewbox=\"0 0 24 24\" fill=\"none\" stroke=\"currentColor\" stroke-width=\"2\" stroke-linecap=\"round\" stroke-linejoin=\"round\" class=\"qkjkq5g4 softlite-dynamic-icon\"><path d=\"M19 14c1.49-1.46 3-3.21 3-5.5A5.5 5.5 0 0 0 16.5 3c-1.76 0-3 .5-4.5 2-1.5-1.5-2.74-2-4.5-2A5.5 5.5 0 0 0 2 8.5c0 2.3 1.5 4.05 3 5.5l7 7Z\"><\/path><\/svg><\/span><\/div><h3 class=\"l1rr61zb softlite-dynamic-card-box-text-1\">Assistance sur place<\/h3><p class=\"id7e8m0z softlite-dynamic-card-box-text-2\">Interlocuteur en Allemagne pour les questions apr\u00e8s l'arriv\u00e9e<\/p><\/div> \t\t\t\t<\/div>\n\t\t\t\t<\/div>\n\t\t\t\t<div class=\"elementor-element elementor-element-288d461 elementor-widget elementor-widget-softlite_dynamic_card_box\" data-id=\"288d461\" data-element_type=\"widget\" data-widget_type=\"softlite_dynamic_card_box.default\">\n\t\t\t\t<div class=\"elementor-widget-container\">\n\t\t\t\t\t \n\t<div class=\"softlite-dynamic-card-box eopiosgo softlite-dynamic-card-box-background-color-1\"><div class=\"d0vdyg8m softlite-dynamic-card-box-background-color-2\"><span class=\"\"><svg xmlns=\"http:\/\/www.w3.org\/2000\/svg\" width=\"24\" height=\"24\" viewbox=\"0 0 24 24\" fill=\"none\" stroke=\"currentColor\" stroke-width=\"2\" stroke-linecap=\"round\" stroke-linejoin=\"round\" class=\"xz9w7sqt softlite-dynamic-icon\"><path d=\"M21.42 10.922a1 1 0 0 0-.019-1.838L12.83 5.18a2 2 0 0 0-1.66 0L2.6 9.08a1 1 0 0 0 0 1.832l8.57 3.908a2 2 0 0 0 1.66 0z\"><\/path><path d=\"M22 10v6\"><\/path><path d=\"M6 12.5V16a6 3 0 0 0 12 0v-3.5\"><\/path><\/svg><\/span><\/div><h3 class=\"ozhgbwcc softlite-dynamic-card-box-text-1\">D\u00e9veloppement de carri\u00e8re<\/h3><p class=\"cqa0b65t softlite-dynamic-card-box-text-2\">D\u00e9veloppement \u00e0 long terme par la formation ou l'emploi fixe<\/p><\/div> \t\t\t\t<\/div>\n\t\t\t\t<\/div>\n\t\t\t\t<\/div>\n\t\t\t\t\t<\/div>\n\t\t\t\t<\/div>\n\t\t\t\t\t<\/div>\n\t\t\t\t<\/div>\n\t\t<div class=\"elementor-element elementor-element-df99bac e-flex e-con-boxed e-con e-parent\" data-id=\"df99bac\" data-element_type=\"container\" data-settings=\"{&quot;background_background&quot;:&quot;classic&quot;}\">\n\t\t\t\t\t<div class=\"e-con-inner\">\n\t\t<div class=\"elementor-element elementor-element-123a359 e-con-full e-flex e-con e-child\" data-id=\"123a359\" data-element_type=\"container\">\n\t\t\t\t<div class=\"elementor-element elementor-element-6059f55 elementor-widget elementor-widget-softlite_dynamic_card_box\" data-id=\"6059f55\" data-element_type=\"widget\" data-widget_type=\"softlite_dynamic_card_box.default\">\n\t\t\t\t<div class=\"elementor-widget-container\">\n\t\t\t\t\t <div class=\"softlite-dynamic-card-box ivunt09l\"><h2 class=\"qay9nr9k softlite-dynamic-card-box-text-1\">Voici comment cela fonctionne<\/h2><p class=\"a54rn0l4 softlite-dynamic-card-box-text-2\">Quatre \u00e9tapes simples pour ton avenir professionnel en Allemagne<\/p><\/div> \t\t\t\t<\/div>\n\t\t\t\t<\/div>\n\t\t<div class=\"elementor-element elementor-element-b2cf918 e-con-full e-flex e-con e-child\" data-id=\"b2cf918\" data-element_type=\"container\">\n\t\t\t\t<div class=\"elementor-element elementor-element-eb39e47 elementor-widget elementor-widget-softlite_dynamic_card_box\" data-id=\"eb39e47\" data-element_type=\"widget\" data-widget_type=\"softlite_dynamic_card_box.default\">\n\t\t\t\t<div class=\"elementor-widget-container\">\n\t\t\t\t\t <div class=\"softlite-dynamic-card-box erlbnd00\"><div class=\"xn7i34u6 softlite-dynamic-card-box-text-1 softlite-dynamic-card-box-background-color-1\">1<\/div><h3 class=\"oakwc2kp softlite-dynamic-card-box-text-2\">S'inscrire<\/h3><p class=\"hdephdnt softlite-dynamic-card-box-text-3\">Cr\u00e9e gratuitement ton profil avec tes qualifications et tes objectifs<\/p><\/div> \t\t\t\t<\/div>\n\t\t\t\t<\/div>\n\t\t\t\t<div class=\"elementor-element elementor-element-2bd428e elementor-widget elementor-widget-softlite_dynamic_card_box\" data-id=\"2bd428e\" data-element_type=\"widget\" data-widget_type=\"softlite_dynamic_card_box.default\">\n\t\t\t\t<div class=\"elementor-widget-container\">\n\t\t\t\t\t <div class=\"softlite-dynamic-card-box pu7xpqoc\"><div class=\"m4m7gt4i softlite-dynamic-card-box-text-1 softlite-dynamic-card-box-background-color-1\">2<\/div><h3 class=\"c2jy9009 softlite-dynamic-card-box-text-2\">V\u00e9rification du profil<\/h3><p class=\"atil7op5 softlite-dynamic-card-box-text-3\">Nous v\u00e9rifions ton profil et prenons contact avec toi personnellement<\/p><\/div> \t\t\t\t<\/div>\n\t\t\t\t<\/div>\n\t\t\t\t<div class=\"elementor-element elementor-element-50cf8b2 elementor-widget elementor-widget-softlite_dynamic_card_box\" data-id=\"50cf8b2\" data-element_type=\"widget\" data-widget_type=\"softlite_dynamic_card_box.default\">\n\t\t\t\t<div class=\"elementor-widget-container\">\n\t\t\t\t\t <div class=\"softlite-dynamic-card-box yci4n0c7\"><div class=\"djwpyvbx softlite-dynamic-card-box-text-1 softlite-dynamic-card-box-background-color-1\">3<\/div><h3 class=\"d08vx5bg softlite-dynamic-card-box-text-2\">Matching<\/h3><p class=\"jfbw8lia softlite-dynamic-card-box-text-3\">Nous te pr\u00e9sentons \u00e0 des employeurs ou \u00e0 des centres de formation appropri\u00e9s.<\/p><\/div> \t\t\t\t<\/div>\n\t\t\t\t<\/div>\n\t\t\t\t<div class=\"elementor-element elementor-element-56036e5 elementor-widget elementor-widget-softlite_dynamic_card_box\" data-id=\"56036e5\" data-element_type=\"widget\" data-widget_type=\"softlite_dynamic_card_box.default\">\n\t\t\t\t<div class=\"elementor-widget-container\">\n\t\t\t\t\t <div class=\"softlite-dynamic-card-box h1a7jr5e\"><div class=\"dmpdq3y8 softlite-dynamic-card-box-text-1 softlite-dynamic-card-box-background-color-1\">4<\/div><h3 class=\"h1im203a softlite-dynamic-card-box-text-2\">Accompagnement<\/h3><p class=\"wi3o42ns softlite-dynamic-card-box-text-3\">Soutien pour le contrat, le visa, l'entr\u00e9e et le d\u00e9marrage dans l'entreprise<\/p><\/div> \t\t\t\t<\/div>\n\t\t\t\t<\/div>\n\t\t\t\t<\/div>\n\t\t\t\t<\/div>\n\t\t\t\t\t<\/div>\n\t\t\t\t<\/div>\n\t\t<div class=\"elementor-element elementor-element-b3a749f e-flex e-con-boxed e-con e-parent\" data-id=\"b3a749f\" data-element_type=\"container\" data-settings=\"{&quot;background_background&quot;:&quot;classic&quot;}\">\n\t\t\t\t\t<div class=\"e-con-inner\">\n\t\t<div class=\"elementor-element elementor-element-ba00c2e e-con-full e-flex e-con e-child\" data-id=\"ba00c2e\" data-element_type=\"container\">\n\t\t<div class=\"elementor-element elementor-element-d3ab2db e-con-full e-flex e-con e-child\" data-id=\"d3ab2db\" data-element_type=\"container\">\n\t\t<div class=\"elementor-element elementor-element-fe0cb92 e-con-full e-flex e-con e-child\" data-id=\"fe0cb92\" data-element_type=\"container\">\n\t\t\t\t<div class=\"elementor-element elementor-element-04fb485 elementor-widget__width-initial elementor-widget elementor-widget-heading\" data-id=\"04fb485\" data-element_type=\"widget\" data-widget_type=\"heading.default\">\n\t\t\t\t\t<h2 class=\"elementor-heading-title elementor-size-default\">Ce que tu dois apporter<\/h2>\t\t\t\t<\/div>\n\t\t\t\t<\/div>\n\t\t<div class=\"elementor-element elementor-element-c58f8c7 e-con-full e-flex e-con e-child\" data-id=\"c58f8c7\" data-element_type=\"container\">\n\t\t\t\t<div class=\"elementor-element elementor-element-940af6a elementor-widget elementor-widget-softlite_dynamic_card_box\" data-id=\"940af6a\" data-element_type=\"widget\" data-widget_type=\"softlite_dynamic_card_box.default\">\n\t\t\t\t<div class=\"elementor-widget-container\">\n\t\t\t\t\t \n\t<div class=\"softlite-dynamic-card-box ejwnzh8y softlite-dynamic-card-box-background-color-1\"><span class=\"\"><svg xmlns=\"http:\/\/www.w3.org\/2000\/svg\" width=\"24\" height=\"24\" viewbox=\"0 0 24 24\" fill=\"none\" stroke=\"currentColor\" stroke-width=\"2\" stroke-linecap=\"round\" stroke-linejoin=\"round\" class=\"e4k6pfxu softlite-dynamic-icon\"><circle cx=\"12\" cy=\"12\" r=\"10\"><\/circle><path d=\"m9 12 2 2 4-4\"><\/path><\/svg><\/span><span class=\"f4mvznqn softlite-dynamic-card-box-text-1\">Motivation et volont\u00e9 d'apprendre<\/span><\/div> \t\t\t\t<\/div>\n\t\t\t\t<\/div>\n\t\t\t\t<div class=\"elementor-element elementor-element-6c24927 elementor-widget elementor-widget-softlite_dynamic_card_box\" data-id=\"6c24927\" data-element_type=\"widget\" data-widget_type=\"softlite_dynamic_card_box.default\">\n\t\t\t\t<div class=\"elementor-widget-container\">\n\t\t\t\t\t \n\t<div class=\"softlite-dynamic-card-box f715b6vv softlite-dynamic-card-box-background-color-1\"><span class=\"\"><svg xmlns=\"http:\/\/www.w3.org\/2000\/svg\" width=\"24\" height=\"24\" viewbox=\"0 0 24 24\" fill=\"none\" stroke=\"currentColor\" stroke-width=\"2\" stroke-linecap=\"round\" stroke-linejoin=\"round\" class=\"isyz4lrq softlite-dynamic-icon\"><circle cx=\"12\" cy=\"12\" r=\"10\"><\/circle><path d=\"m9 12 2 2 4-4\"><\/path><\/svg><\/span><span class=\"f2qbarp9 softlite-dynamic-card-box-text-1\">connaissances en allemand (au moins B1-B2)<\/span><\/div> \t\t\t\t<\/div>\n\t\t\t\t<\/div>\n\t\t\t\t<div class=\"elementor-element elementor-element-24baefb elementor-widget elementor-widget-softlite_dynamic_card_box\" data-id=\"24baefb\" data-element_type=\"widget\" data-widget_type=\"softlite_dynamic_card_box.default\">\n\t\t\t\t<div class=\"elementor-widget-container\">\n\t\t\t\t\t \n\t<div class=\"softlite-dynamic-card-box j8uskgu8 softlite-dynamic-card-box-background-color-1\"><span class=\"\"><svg xmlns=\"http:\/\/www.w3.org\/2000\/svg\" width=\"24\" height=\"24\" viewbox=\"0 0 24 24\" fill=\"none\" stroke=\"currentColor\" stroke-width=\"2\" stroke-linecap=\"round\" stroke-linejoin=\"round\" class=\"dznq2c2g softlite-dynamic-icon\"><circle cx=\"12\" cy=\"12\" r=\"10\"><\/circle><path d=\"m9 12 2 2 4-4\"><\/path><\/svg><\/span><span class=\"pyifpjd0 softlite-dynamic-card-box-text-1\">Formation scolaire ou professionnelle achev\u00e9e<\/span><\/div> \t\t\t\t<\/div>\n\t\t\t\t<\/div>\n\t\t\t\t<div class=\"elementor-element elementor-element-6a01924 elementor-widget elementor-widget-softlite_dynamic_card_box\" data-id=\"6a01924\" data-element_type=\"widget\" data-widget_type=\"softlite_dynamic_card_box.default\">\n\t\t\t\t<div class=\"elementor-widget-container\">\n\t\t\t\t\t \n\t<div class=\"softlite-dynamic-card-box tu9n3wux softlite-dynamic-card-box-background-color-1\"><span class=\"\"><svg xmlns=\"http:\/\/www.w3.org\/2000\/svg\" width=\"24\" height=\"24\" viewbox=\"0 0 24 24\" fill=\"none\" stroke=\"currentColor\" stroke-width=\"2\" stroke-linecap=\"round\" stroke-linejoin=\"round\" class=\"y50rs4a9 softlite-dynamic-icon\"><circle cx=\"12\" cy=\"12\" r=\"10\"><\/circle><path d=\"m9 12 2 2 4-4\"><\/path><\/svg><\/span><span class=\"wqf8avz2 softlite-dynamic-card-box-text-1\">Int\u00e9r\u00eat pour une formation ou un travail en Allemagne<\/span><\/div> \t\t\t\t<\/div>\n\t\t\t\t<\/div>\n\t\t\t\t<div class=\"elementor-element elementor-element-02ff3a9 elementor-widget elementor-widget-softlite_dynamic_card_box\" data-id=\"02ff3a9\" data-element_type=\"widget\" data-widget_type=\"softlite_dynamic_card_box.default\">\n\t\t\t\t<div class=\"elementor-widget-container\">\n\t\t\t\t\t \n\t<div class=\"softlite-dynamic-card-box plxf4wyn softlite-dynamic-card-box-background-color-1\"><span class=\"\"><svg xmlns=\"http:\/\/www.w3.org\/2000\/svg\" width=\"24\" height=\"24\" viewbox=\"0 0 24 24\" fill=\"none\" stroke=\"currentColor\" stroke-width=\"2\" stroke-linecap=\"round\" stroke-linejoin=\"round\" class=\"n5v3c99h softlite-dynamic-icon\"><circle cx=\"12\" cy=\"12\" r=\"10\"><\/circle><path d=\"m9 12 2 2 4-4\"><\/path><\/svg><\/span><span class=\"kvnchl3j softlite-dynamic-card-box-text-1\">Volont\u00e9 d'int\u00e9gration<\/span><\/div> \t\t\t\t<\/div>\n\t\t\t\t<\/div>\n\t\t\t\t<div class=\"elementor-element elementor-element-29fe788 elementor-widget elementor-widget-softlite_dynamic_card_box\" data-id=\"29fe788\" data-element_type=\"widget\" data-widget_type=\"softlite_dynamic_card_box.default\">\n\t\t\t\t<div class=\"elementor-widget-container\">\n\t\t\t\t\t \n\t<div class=\"softlite-dynamic-card-box v10lsx47 softlite-dynamic-card-box-background-color-1\"><span class=\"\"><svg xmlns=\"http:\/\/www.w3.org\/2000\/svg\" width=\"24\" height=\"24\" viewbox=\"0 0 24 24\" fill=\"none\" stroke=\"currentColor\" stroke-width=\"2\" stroke-linecap=\"round\" stroke-linejoin=\"round\" class=\"n15pgh3j softlite-dynamic-icon\"><circle cx=\"12\" cy=\"12\" r=\"10\"><\/circle><path d=\"m9 12 2 2 4-4\"><\/path><\/svg><\/span><span class=\"g3xl0kf5 softlite-dynamic-card-box-text-1\">Fiabilit\u00e9 et engagement<\/span><\/div> \t\t\t\t<\/div>\n\t\t\t\t<\/div>\n\t\t\t\t<\/div>\n\t\t\t\t<\/div>\n\t\t\t\t<\/div>\n\t\t\t\t\t<\/div>\n\t\t\t\t<\/div>\n\t\t<div class=\"elementor-element elementor-element-f4ad1d3 e-flex e-con-boxed e-con e-parent\" data-id=\"f4ad1d3\" data-element_type=\"container\">\n\t\t\t\t\t<div class=\"e-con-inner\">\n\t\t\t\t<div class=\"elementor-element elementor-element-4d73599 elementor-widget elementor-widget-heading\" data-id=\"4d73599\" data-element_type=\"widget\" data-widget_type=\"heading.default\">\n\t\t\t\t\t<h2 class=\"elementor-heading-title elementor-size-default\">Pr\u00eat \u00e0 passer \u00e0 l'\u00e9tape suivante ?<\/h2>\t\t\t\t<\/div>\n\t\t\t\t<div class=\"elementor-element elementor-element-9f67061 elementor-widget elementor-widget-heading\" data-id=\"9f67061\" data-element_type=\"widget\" data-widget_type=\"heading.default\">\n\t\t\t\t\t<p class=\"elementor-heading-title elementor-size-default\">Inscris-toi maintenant et nous prendrons personnellement contact avec toi  <br><br><\/p>\t\t\t\t<\/div>\n\t\t\t\t<div class=\"elementor-element elementor-element-980f804 elementor-widget elementor-widget-button\" data-id=\"980f804\" data-element_type=\"widget\" data-widget_type=\"button.default\">\n\t\t\t\t\t\t\t\t\t\t<a class=\"elementor-button elementor-button-link elementor-size-sm\" href=\"\/fr\/enregistrer\/\">\n\t\t\t\t\t\t<span class=\"elementor-button-content-wrapper\">\n\t\t\t\t\t\t\t\t\t<span class=\"elementor-button-text\">S'INSCRIRE COMME CANDIDAT !<\/span>\n\t\t\t\t\t<\/span>\n\t\t\t\t\t<\/a>\n\t\t\t\t\t\t\t\t<\/div>\n\t\t\t\t\t<\/div>\n\t\t\t\t<\/div>\n\t\t\t\t<\/div>","protected":false},"excerpt":{"rendered":"<p>F\u00fcr Bewerber Starte deine berufliche Zukunft in Deutschland Du lernst bereits Deutsch und m\u00f6chtest eine Ausbildung beginnen oder als Fachkraft in Deutschland arbeiten?Wir begleiten dich strukturiert von der Bewerbung bis zu deinem Start im Unternehmen Deine Vorteile mit uns Wir begleiten dich verl\u00e4sslich durch den gesamten Prozess und sind jederzeit erreichbar Pers\u00f6nliche Beratung Unterst\u00fctzung bei [&hellip;]<\/p>","protected":false},"author":1,"featured_media":0,"parent":0,"menu_order":0,"comment_status":"closed","ping_status":"closed","template":"elementor_header_footer","meta":{"footnotes":""},"class_list":["post-4505","page","type-page","status-publish","hentry"],"_links":{"self":[{"href":"https:\/\/immer-weiter.net\/fr\/wp-json\/wp\/v2\/pages\/4505","targetHints":{"allow":["GET"]}}],"collection":[{"href":"https:\/\/immer-weiter.net\/fr\/wp-json\/wp\/v2\/pages"}],"about":[{"href":"https:\/\/immer-weiter.net\/fr\/wp-json\/wp\/v2\/types\/page"}],"author":[{"embeddable":true,"href":"https:\/\/immer-weiter.net\/fr\/wp-json\/wp\/v2\/users\/1"}],"replies":[{"embeddable":true,"href":"https:\/\/immer-weiter.net\/fr\/wp-json\/wp\/v2\/comments?post=4505"}],"version-history":[{"count":94,"href":"https:\/\/immer-weiter.net\/fr\/wp-json\/wp\/v2\/pages\/4505\/revisions"}],"predecessor-version":[{"id":5702,"href":"https:\/\/immer-weiter.net\/fr\/wp-json\/wp\/v2\/pages\/4505\/revisions\/5702"}],"wp:attachment":[{"href":"https:\/\/immer-weiter.net\/fr\/wp-json\/wp\/v2\/media?parent=4505"}],"curies":[{"name":"wp","href":"https:\/\/api.w.org\/{rel}","templated":true}]}}