{"id":50,"date":"2023-04-19T02:29:11","date_gmt":"2023-04-19T02:29:11","guid":{"rendered":"https:\/\/demoapus1.com\/jobtex-new\/?page_id=50"},"modified":"2026-01-06T18:32:22","modified_gmt":"2026-01-06T18:32:22","slug":"mentions-legales","status":"publish","type":"page","link":"https:\/\/immer-weiter.net\/fr\/mentions-legales\/","title":{"rendered":"Mentions l\u00e9gales"},"content":{"rendered":"<div data-elementor-type=\"wp-page\" data-elementor-id=\"50\" class=\"elementor elementor-50\">\n\t\t\t\t\t\t<section class=\"elementor-section elementor-top-section elementor-element elementor-element-cc69d14 elementor-section-stretched elementor-section-boxed elementor-section-height-default elementor-section-height-default\" data-id=\"cc69d14\" data-element_type=\"section\" data-settings=\"{&quot;stretch_section&quot;:&quot;section-stretched&quot;}\">\n\t\t\t\t\t\t<div class=\"elementor-container elementor-column-gap-extended\">\n\t\t\t\t\t<div class=\"elementor-column elementor-col-100 elementor-top-column elementor-element elementor-element-b7e287b elementor-invisible\" data-id=\"b7e287b\" data-element_type=\"column\" data-settings=\"{&quot;animation&quot;:&quot;slide-up&quot;}\">\n\t\t\t<div class=\"elementor-widget-wrap elementor-element-populated\">\n\t\t\t\t\t\t<div class=\"elementor-element elementor-element-2433291 elementor-widget elementor-widget-heading\" data-id=\"2433291\" data-element_type=\"widget\" data-widget_type=\"heading.default\">\n\t\t\t\t\t<h2 class=\"elementor-heading-title elementor-size-default\">Mentions l\u00e9gales<\/h2>\t\t\t\t<\/div>\n\t\t\t\t<div class=\"elementor-element elementor-element-77d85b3 elementor-widget elementor-widget-heading\" data-id=\"77d85b3\" data-element_type=\"widget\" data-widget_type=\"heading.default\">\n\t\t\t\t\t<h4 class=\"elementor-heading-title elementor-size-default\">Informations selon \u00a7 5 TMG<\/h4>\t\t\t\t<\/div>\n\t\t\t\t\t<\/div>\n\t\t<\/div>\n\t\t\t\t\t<\/div>\n\t\t<\/section>\n\t\t\t\t<section class=\"elementor-section elementor-top-section elementor-element elementor-element-f885e2a elementor-section-stretched elementor-section-boxed elementor-section-height-default elementor-section-height-default\" data-id=\"f885e2a\" data-element_type=\"section\" data-settings=\"{&quot;stretch_section&quot;:&quot;section-stretched&quot;}\">\n\t\t\t\t\t\t<div class=\"elementor-container elementor-column-gap-extended\">\n\t\t\t\t\t<div class=\"elementor-column elementor-col-100 elementor-top-column elementor-element elementor-element-3e8435f elementor-invisible\" data-id=\"3e8435f\" data-element_type=\"column\" data-settings=\"{&quot;animation&quot;:&quot;slide-up&quot;}\">\n\t\t\t<div class=\"elementor-widget-wrap elementor-element-populated\">\n\t\t\t\t\t\t<div class=\"elementor-element elementor-element-57718fa elementor-widget elementor-widget-text-editor\" data-id=\"57718fa\" data-element_type=\"widget\" data-widget_type=\"text-editor.default\">\n\t\t\t\t\t\t\t\t\t<p>Yekini Belo<br \/>\u201eToujours plus loin\u201c<br \/>Apprentis et recrutement<br \/>Dr.-Rank-str.4a<br \/>82275 Emmering<\/p>\t\t\t\t\t\t\t\t<\/div>\n\t\t\t\t<div class=\"elementor-element elementor-element-79e5af6 elementor-widget elementor-widget-heading\" data-id=\"79e5af6\" data-element_type=\"widget\" data-widget_type=\"heading.default\">\n\t\t\t\t\t<h4 class=\"elementor-heading-title elementor-size-default\">Repr\u00e9sent\u00e9 par :<\/h4>\t\t\t\t<\/div>\n\t\t\t\t<div class=\"elementor-element elementor-element-22c623a elementor-widget elementor-widget-text-editor\" data-id=\"22c623a\" data-element_type=\"widget\" data-widget_type=\"text-editor.default\">\n\t\t\t\t\t\t\t\t\t<p>Yekini Belo<\/p>\t\t\t\t\t\t\t\t<\/div>\n\t\t\t\t<div class=\"elementor-element elementor-element-d926cc3 elementor-widget elementor-widget-heading\" data-id=\"d926cc3\" data-element_type=\"widget\" data-widget_type=\"heading.default\">\n\t\t\t\t\t<h4 class=\"elementor-heading-title elementor-size-default\">Contact :<\/h4>\t\t\t\t<\/div>\n\t\t\t\t<div class=\"elementor-element elementor-element-f79911d elementor-widget elementor-widget-text-editor\" data-id=\"f79911d\" data-element_type=\"widget\" data-widget_type=\"text-editor.default\">\n\t\t\t\t\t\t\t\t\t<p class=\"font_8 wixui-rich-text__text\">T\u00e9l\u00e9phone : +4917682363863<br class=\"wixui-rich-text__text\" \/>E-mail :\u00a0<span class=\"wixui-rich-text__text\">info@khaki-goat-386457.hostingersite.com<\/span><\/p>\t\t\t\t\t\t\t\t<\/div>\n\t\t\t\t\t<\/div>\n\t\t<\/div>\n\t\t\t\t\t<\/div>\n\t\t<\/section>\n\t\t\t\t<section class=\"elementor-section elementor-top-section elementor-element elementor-element-0236cd4 elementor-section-stretched elementor-section-boxed elementor-section-height-default elementor-section-height-default\" data-id=\"0236cd4\" data-element_type=\"section\" data-settings=\"{&quot;stretch_section&quot;:&quot;section-stretched&quot;}\">\n\t\t\t\t\t\t<div class=\"elementor-container elementor-column-gap-extended\">\n\t\t\t\t\t<div class=\"elementor-column elementor-col-100 elementor-top-column elementor-element elementor-element-6afbd00 elementor-invisible\" data-id=\"6afbd00\" data-element_type=\"column\" data-settings=\"{&quot;animation&quot;:&quot;slide-up&quot;}\">\n\t\t\t<div class=\"elementor-widget-wrap elementor-element-populated\">\n\t\t\t\t\t\t<div class=\"elementor-element elementor-element-ae706d9 elementor-widget elementor-widget-heading\" data-id=\"ae706d9\" data-element_type=\"widget\" data-widget_type=\"heading.default\">\n\t\t\t\t\t<h4 class=\"elementor-heading-title elementor-size-default\">Donn\u00e9es commerciales :<\/h4>\t\t\t\t<\/div>\n\t\t\t\t<div class=\"elementor-element elementor-element-a06ebbe elementor-widget elementor-widget-text-editor\" data-id=\"a06ebbe\" data-element_type=\"widget\" data-widget_type=\"text-editor.default\">\n\t\t\t\t\t\t\t\t\t<p>Num\u00e9ro d'identification de la taxe sur le chiffre d'affaires conform\u00e9ment au \u00a7 27a de la loi sur la taxe sur le chiffre d'affaires : DE 117\/204\/01799<\/p>\t\t\t\t\t\t\t\t<\/div>\n\t\t\t\t<div class=\"elementor-element elementor-element-f0a301c elementor-widget elementor-widget-heading\" data-id=\"f0a301c\" data-element_type=\"widget\" data-widget_type=\"heading.default\">\n\t\t\t\t\t<h4 class=\"elementor-heading-title elementor-size-default\">Responsable du contenu selon \u00a7 18 Abs. 2 MStV :<\/h4>\t\t\t\t<\/div>\n\t\t\t\t<div class=\"elementor-element elementor-element-236c70f elementor-widget elementor-widget-text-editor\" data-id=\"236c70f\" data-element_type=\"widget\" data-widget_type=\"text-editor.default\">\n\t\t\t\t\t\t\t\t\tYekini Belo\n[adresse ci-dessus]\t\t\t\t\t\t\t\t<\/div>\n\t\t\t\t\t<\/div>\n\t\t<\/div>\n\t\t\t\t\t<\/div>\n\t\t<\/section>\n\t\t\t\t<section class=\"elementor-section elementor-top-section elementor-element elementor-element-3a17a71 elementor-section-stretched elementor-section-boxed elementor-section-height-default elementor-section-height-default\" data-id=\"3a17a71\" data-element_type=\"section\" data-settings=\"{&quot;stretch_section&quot;:&quot;section-stretched&quot;}\">\n\t\t\t\t\t\t<div class=\"elementor-container elementor-column-gap-extended\">\n\t\t\t\t\t<div class=\"elementor-column elementor-col-100 elementor-top-column elementor-element elementor-element-627b4dc elementor-invisible\" data-id=\"627b4dc\" data-element_type=\"column\" data-settings=\"{&quot;animation&quot;:&quot;slide-up&quot;}\">\n\t\t\t<div class=\"elementor-widget-wrap elementor-element-populated\">\n\t\t\t\t\t\t<div class=\"elementor-element elementor-element-03e2028 elementor-widget elementor-widget-heading\" data-id=\"03e2028\" data-element_type=\"widget\" data-widget_type=\"heading.default\">\n\t\t\t\t\t<h4 class=\"elementor-heading-title elementor-size-default\">Contenu et objectif du site web :<\/h4>\t\t\t\t<\/div>\n\t\t\t\t<div class=\"elementor-element elementor-element-1811115 elementor-widget elementor-widget-text-editor\" data-id=\"1811115\" data-element_type=\"widget\" data-widget_type=\"text-editor.default\">\n\t\t\t\t\t\t\t\t\tLe site web \u201eToujours plus loin\u201c a pour but d'informer sur les services de placement de personnes en formation et de main-d'\u0153uvre, notamment en provenance de pays tiers.\n\n- Les candidats peuvent s'enregistrer sur le site.\n- Les entreprises re\u00e7oivent l'acc\u00e8s \u00e0 l'enregistrement uniquement sur invitation.\n\nIl n'existe aucun droit au placement, \u00e0 l'embauche, \u00e0 l'octroi de visas ou \u00e0 la conclusion de contrats.\nNous sommes <strong>aucune autorit\u00e9 publique<\/strong>, <strong>aucune autorit\u00e9<\/strong> et <strong>pas de repr\u00e9sentation \u00e0 l'\u00e9tranger<\/strong>.\t\t\t\t\t\t\t\t<\/div>\n\t\t\t\t<div class=\"elementor-element elementor-element-430d4bb elementor-widget elementor-widget-heading\" data-id=\"430d4bb\" data-element_type=\"widget\" data-widget_type=\"heading.default\">\n\t\t\t\t\t<h4 class=\"elementor-heading-title elementor-size-default\">Responsabilit\u00e9 du contenu :<\/h4>\t\t\t\t<\/div>\n\t\t\t\t<div class=\"elementor-element elementor-element-fdbffd3 elementor-widget elementor-widget-text-editor\" data-id=\"fdbffd3\" data-element_type=\"widget\" data-widget_type=\"text-editor.default\">\n\t\t\t\t\t\t\t\t\tEn tant que prestataire de services, nous sommes responsables, conform\u00e9ment au \u00a7 7 alin\u00e9a 1 de la TMG, de nos propres contenus sur ces pages selon les lois g\u00e9n\u00e9rales.\nConform\u00e9ment aux \u00a7\u00a7 8 \u00e0 10 de la TMG, nous ne sommes toutefois pas tenus de surveiller les informations transmises ou enregistr\u00e9es par des tiers ou de rechercher les circonstances qui indiquent une activit\u00e9 ill\u00e9gale.\n\t\t\t\t\t\t\t\t<\/div>\n\t\t\t\t<div class=\"elementor-element elementor-element-81218bf elementor-widget elementor-widget-heading\" data-id=\"81218bf\" data-element_type=\"widget\" data-widget_type=\"heading.default\">\n\t\t\t\t\t<h4 class=\"elementor-heading-title elementor-size-default\">Responsabilit\u00e9 pour les liens :<\/h4>\t\t\t\t<\/div>\n\t\t\t\t<div class=\"elementor-element elementor-element-91e8f3a elementor-widget elementor-widget-text-editor\" data-id=\"91e8f3a\" data-element_type=\"widget\" data-widget_type=\"text-editor.default\">\n\t\t\t\t\t\t\t\t\tNotre site web contient \u00e9ventuellement des liens vers des sites web externes de tiers, sur le contenu desquels nous n'avons aucune influence.\nLe fournisseur ou l'exploitant de ces sites est toujours responsable de leur contenu.\n\t\t\t\t\t\t\t\t<\/div>\n\t\t\t\t\t<\/div>\n\t\t<\/div>\n\t\t\t\t\t<\/div>\n\t\t<\/section>\n\t\t\t\t<section class=\"elementor-section elementor-top-section elementor-element elementor-element-f2c8889 elementor-section-stretched elementor-section-boxed elementor-section-height-default elementor-section-height-default\" data-id=\"f2c8889\" data-element_type=\"section\" data-settings=\"{&quot;stretch_section&quot;:&quot;section-stretched&quot;}\">\n\t\t\t\t\t\t<div class=\"elementor-container elementor-column-gap-extended\">\n\t\t\t\t\t<div class=\"elementor-column elementor-col-100 elementor-top-column elementor-element elementor-element-5cfc824 elementor-invisible\" data-id=\"5cfc824\" data-element_type=\"column\" data-settings=\"{&quot;animation&quot;:&quot;slide-up&quot;}\">\n\t\t\t<div class=\"elementor-widget-wrap elementor-element-populated\">\n\t\t\t\t\t\t<div class=\"elementor-element elementor-element-6144179 elementor-widget elementor-widget-heading\" data-id=\"6144179\" data-element_type=\"widget\" data-widget_type=\"heading.default\">\n\t\t\t\t\t<h4 class=\"elementor-heading-title elementor-size-default\">Droit d'auteur :<\/h4>\t\t\t\t<\/div>\n\t\t\t\t<div class=\"elementor-element elementor-element-67896d0 elementor-widget elementor-widget-text-editor\" data-id=\"67896d0\" data-element_type=\"widget\" data-widget_type=\"text-editor.default\">\n\t\t\t\t\t\t\t\t\tLes contenus et les \u0153uvres cr\u00e9\u00e9s par l'exploitant du site sont soumis au droit d'auteur allemand.\nLa reproduction, le traitement, la diffusion ou toute autre utilisation en dehors des limites du droit d'auteur n\u00e9cessitent l'accord \u00e9crit pr\u00e9alable du titulaire des droits concern\u00e9.\n\t\t\t\t\t\t\t\t<\/div>\n\t\t\t\t<div class=\"elementor-element elementor-element-a7f86f5 elementor-widget elementor-widget-heading\" data-id=\"a7f86f5\" data-element_type=\"widget\" data-widget_type=\"heading.default\">\n\t\t\t\t\t<h4 class=\"elementor-heading-title elementor-size-default\">Cr\u00e9dits photographiques :<\/h4>\t\t\t\t<\/div>\n\t\t\t\t<div class=\"elementor-element elementor-element-11f1bff elementor-widget elementor-widget-text-editor\" data-id=\"11f1bff\" data-element_type=\"widget\" data-widget_type=\"text-editor.default\">\n\t\t\t\t\t\t\t\t\t<p>Certaines images utilis\u00e9es sur ce site proviennent de Freepik.<br \/>Source de l'image :<br \/>\u00a9 Freepik - www.freepik.com<\/p><p>1.https:\/\/de.freepik.com\/fotos-kostenlos\/erfreut-zeigt-auf-den-jungen-afroamerikanischen-baumeister-in-uniform-der-auf-blauem-hintergrund-isoliert-ist_27467655.htm#fromView=search&amp;page=3&amp;position=25&amp;uuid=af99bb78-7c73-4fad-b5d6-789994348e87&amp;query=African+worker+grope<\/p>\t\t\t\t\t\t\t\t<\/div>\n\t\t\t\t\t<\/div>\n\t\t<\/div>\n\t\t\t\t\t<\/div>\n\t\t<\/section>\n\t\t\t\t<section class=\"elementor-section elementor-top-section elementor-element elementor-element-a215042 elementor-section-stretched elementor-section-boxed elementor-section-height-default elementor-section-height-default\" data-id=\"a215042\" data-element_type=\"section\" data-settings=\"{&quot;stretch_section&quot;:&quot;section-stretched&quot;}\">\n\t\t\t\t\t\t<div class=\"elementor-container elementor-column-gap-extended\">\n\t\t\t\t\t<div class=\"elementor-column elementor-col-100 elementor-top-column elementor-element elementor-element-f321a52 elementor-invisible\" data-id=\"f321a52\" data-element_type=\"column\" data-settings=\"{&quot;animation&quot;:&quot;slide-up&quot;}\">\n\t\t\t<div class=\"elementor-widget-wrap elementor-element-populated\">\n\t\t\t\t\t\t<div class=\"elementor-element elementor-element-a2a7ae8 elementor-widget elementor-widget-heading\" data-id=\"a2a7ae8\" data-element_type=\"widget\" data-widget_type=\"heading.default\">\n\t\t\t\t\t<h4 class=\"elementor-heading-title elementor-size-default\">R\u00e8glement des litiges en ligne :<\/h4>\t\t\t\t<\/div>\n\t\t\t\t<div class=\"elementor-element elementor-element-1f155a1 elementor-widget elementor-widget-text-editor\" data-id=\"1f155a1\" data-element_type=\"widget\" data-widget_type=\"text-editor.default\">\n\t\t\t\t\t\t\t\t\t<p>La Commission europ\u00e9enne met \u00e0 disposition une plateforme de r\u00e8glement en ligne des litiges (RLL) :<br \/><a href=\"https:\/\/ec.europa.eu\/consumers\/odr\">https:\/\/ec.europa.eu\/consumers\/odr<\/a><\/p>\t\t\t\t\t\t\t\t<\/div>\n\t\t\t\t\t<\/div>\n\t\t<\/div>\n\t\t\t\t\t<\/div>\n\t\t<\/section>\n\t\t\t\t<\/div>","protected":false},"excerpt":{"rendered":"<p>Impressum Angaben gem\u00e4\u00df \u00a7 5 TMG Yekini Belo\u201eImmer Weiter\u201cAzubi &amp; PersonalvermittlungDr.-Rank-str.4a82275 Emmering Vertreten durch: Yekini Belo Kontakt: Telefon: +4917682363863E-Mail:\u00a0info@khaki-goat-386457.hostingersite.com Gewerbliche Angaben: Umsatzsteuer-Identifikationsnummer gem\u00e4\u00df \u00a7 27a Umsatzsteuergesetz: DE 117\/204\/01799 Verantwortlich f\u00fcr den Inhalt nach \u00a7 18 Abs. 2 MStV: Yekini Belo [Anschrift wie oben] Inhalt und Zweck der Website: Die Website \u201eImmer Weiter\u201c dient der Information [&hellip;]<\/p>","protected":false},"author":1,"featured_media":0,"parent":0,"menu_order":0,"comment_status":"closed","ping_status":"closed","template":"","meta":{"footnotes":""},"class_list":["post-50","page","type-page","status-publish","hentry"],"_links":{"self":[{"href":"https:\/\/immer-weiter.net\/fr\/wp-json\/wp\/v2\/pages\/50","targetHints":{"allow":["GET"]}}],"collection":[{"href":"https:\/\/immer-weiter.net\/fr\/wp-json\/wp\/v2\/pages"}],"about":[{"href":"https:\/\/immer-weiter.net\/fr\/wp-json\/wp\/v2\/types\/page"}],"author":[{"embeddable":true,"href":"https:\/\/immer-weiter.net\/fr\/wp-json\/wp\/v2\/users\/1"}],"replies":[{"embeddable":true,"href":"https:\/\/immer-weiter.net\/fr\/wp-json\/wp\/v2\/comments?post=50"}],"version-history":[{"count":32,"href":"https:\/\/immer-weiter.net\/fr\/wp-json\/wp\/v2\/pages\/50\/revisions"}],"predecessor-version":[{"id":5513,"href":"https:\/\/immer-weiter.net\/fr\/wp-json\/wp\/v2\/pages\/50\/revisions\/5513"}],"wp:attachment":[{"href":"https:\/\/immer-weiter.net\/fr\/wp-json\/wp\/v2\/media?parent=50"}],"curies":[{"name":"wp","href":"https:\/\/api.w.org\/{rel}","templated":true}]}}