{"id":5395,"date":"2026-01-04T07:01:41","date_gmt":"2026-01-04T07:01:41","guid":{"rendered":"https:\/\/immer-weiter.net\/?page_id=5395"},"modified":"2026-01-05T13:31:18","modified_gmt":"2026-01-05T13:31:18","slug":"exclusion-de-la-responsabilite-pour-le-placement","status":"publish","type":"page","link":"https:\/\/immer-weiter.net\/fr\/exclusion-de-la-responsabilite-pour-le-placement\/","title":{"rendered":"Clause de non-responsabilit\u00e9 pour le courtage"},"content":{"rendered":"<div data-elementor-type=\"wp-page\" data-elementor-id=\"5395\" class=\"elementor elementor-5395\">\n\t\t\t\t<div class=\"elementor-element elementor-element-7502973b e-flex e-con-boxed e-con e-parent\" data-id=\"7502973b\" data-element_type=\"container\">\n\t\t\t\t\t<div class=\"e-con-inner\">\n\t\t\t\t<div class=\"elementor-element elementor-element-70695cd9 elementor-widget elementor-widget-text-editor\" data-id=\"70695cd9\" data-element_type=\"widget\" data-widget_type=\"text-editor.default\">\n\t\t\t\t\t\t\t\t\t<h1>Clause de non-responsabilit\u00e9 pour le courtage<\/h1>\n<p><!-- \/wp:heading --><\/p>\n<p><!-- wp:paragraph --><\/p><h4>\n<p>1. Champ d'application<\/p><\/h4>\n<p><!-- \/wp:paragraph --><\/p>\n<p><!-- wp:paragraph --><\/p>\n<p>Cette clause de non-responsabilit\u00e9 s'applique \u00e0 toutes les offres, contenus et services de<br \/>Yekini Belo \u201eToujours plus loin\u201c - Apprentissage &amp; Recrutement,<br \/>en rapport avec le placement d'apprentis et de travailleurs, notamment en provenance de pays tiers.<\/p>\n<p><!-- \/wp:paragraph --><\/p>\n<p><!-- wp:paragraph --><\/p>\n<p>En utilisant ce site web, en vous enregistrant en tant que candidat ou entreprise et en prenant contact avec nous, vous acceptez les r\u00e8gles suivantes.<\/p>\n<p><!-- \/wp:paragraph --><\/p>\n<p><!-- wp:paragraph --><\/p><h4>\n<p>2e r\u00f4le de \u201eToujours plus loin\u201c<\/p><\/h4>\n<p><!-- \/wp:paragraph --><\/p>\n<p><!-- wp:paragraph --><\/p>\n<p>\u201eImmer Weiter\u201c intervient en tant qu'interm\u00e9diaire entre les candidats (postulants) et les entreprises (employeurs\/entreprises de formation).<\/p>\n<p><!-- \/wp:paragraph --><\/p>\n<p><!-- wp:paragraph --><\/p>\n<p>Nous ne sommes ni une administration, ni un service gouvernemental, ni une repr\u00e9sentation \u00e0 l'\u00e9tranger, ni un service des visas.<br \/>Nous ne prenons aucune d\u00e9cision administrative et n'avons aucune influence sur les d\u00e9cisions des services d'immigration, des ambassades, des consulats ou d'autres organismes publics.<\/p>\n<p><!-- \/wp:paragraph --><\/p>\n<p><!-- wp:paragraph --><\/p><h4>\n<p>3. aucune garantie de placement ou de succ\u00e8s<\/p><\/h4>\n<p><!-- \/wp:paragraph --><\/p>\n<p><!-- wp:paragraph --><\/p>\n<p>L'inscription sur le site web ainsi que la participation au processus de placement sont sans engagement.<\/p>\n<p><!-- \/wp:paragraph --><\/p>\n<p><!-- wp:paragraph --><\/p>\n<p>Il n'existe aucun droit \u00e0 :<\/p>\n<p><!-- \/wp:paragraph --><\/p>\n<p><!-- wp:list --><\/p>\n<ul>\n<li style=\"list-style-type: none;\">\n<ul><!-- wp:list-item --><\/ul>\n<\/li>\n<\/ul>\n<p>&nbsp;<\/p>\n<ul>\n<li style=\"list-style-type: none;\">\n<ul>\n<li>Placement dans une formation ou un emploi<\/li>\n<\/ul>\n<\/li>\n<\/ul>\n<p><!-- \/wp:list-item --><\/p>\n<p><!-- wp:list-item --><\/p>\n<ul>\n<li style=\"list-style-type: none;\">\n<ul>\n<li>Conclusion d'un contrat de formation ou d'un contrat de travail<\/li>\n<\/ul>\n<\/li>\n<\/ul>\n<p><!-- \/wp:list-item --><\/p>\n<p><!-- wp:list-item --><\/p>\n<ul>\n<li style=\"list-style-type: none;\">\n<ul>\n<li>D\u00e9livrance d'un visa ou d'un permis de s\u00e9jour<\/li>\n<\/ul>\n<\/li>\n<\/ul>\n<p><!-- \/wp:list-item --><\/p>\n<p><!-- wp:list-item --><\/p>\n<ul>\n<li style=\"list-style-type: none;\">\n<ul>\n<li>Reconnaissance des qualifications scolaires, professionnelles ou linguistiques<\/li>\n<\/ul>\n<\/li>\n<\/ul>\n<p><!-- \/wp:list-item --><\/p>\n<p><!-- \/wp:list --><\/p>\n<p><!-- wp:paragraph --><\/p>\n<p>La r\u00e9ussite d'un placement d\u00e9pend de nombreux facteurs, notamment<\/p>\n<p><!-- \/wp:paragraph --><\/p>\n<p><!-- wp:list --><\/p>\n<ul>\n<li style=\"list-style-type: none;\">\n<ul><!-- wp:list-item --><\/ul>\n<\/li>\n<\/ul>\n<p>&nbsp;<\/p>\n<ul>\n<li style=\"list-style-type: none;\">\n<ul>\n<li>la qualification et l'aptitude du candidat<\/li>\n<\/ul>\n<\/li>\n<\/ul>\n<p><!-- \/wp:list-item --><\/p>\n<p><!-- wp:list-item --><\/p>\n<ul>\n<li style=\"list-style-type: none;\">\n<ul>\n<li>les exigences des entreprises<\/li>\n<\/ul>\n<\/li>\n<\/ul>\n<p><!-- \/wp:list-item --><\/p>\n<p><!-- wp:list-item --><\/p>\n<ul>\n<li style=\"list-style-type: none;\">\n<ul>\n<li>les exigences l\u00e9gales et r\u00e9glementaires<\/li>\n<\/ul>\n<\/li>\n<\/ul>\n<p><!-- \/wp:list-item --><\/p>\n<p><!-- wp:list-item --><\/p>\n<ul>\n<li style=\"list-style-type: none;\">\n<ul>\n<li>les conditions temporelles et organisationnelles<\/li>\n<\/ul>\n<\/li>\n<\/ul>\n<p><!-- \/wp:list-item --><\/p>\n<p><!-- \/wp:list --><\/p>\n<p><!-- wp:paragraph --><\/p><h4>\n<p>4. responsabilit\u00e9 des candidats<\/p><\/h4>\n<p><!-- \/wp:paragraph --><\/p>\n<p><!-- wp:paragraph --><\/p>\n<p>Les candidats sont responsables de :<\/p>\n<p><!-- \/wp:paragraph --><\/p>\n<p><!-- wp:list --><\/p>\n<ul>\n<li style=\"list-style-type: none;\">\n<ul><!-- wp:list-item --><\/ul>\n<\/li>\n<\/ul>\n<p>&nbsp;<\/p>\n<ul>\n<li style=\"list-style-type: none;\">\n<ul>\n<li>l'exactitude et l'exhaustivit\u00e9 de leurs informations<\/li>\n<\/ul>\n<\/li>\n<\/ul>\n<p><!-- \/wp:list-item --><\/p>\n<p><!-- wp:list-item --><\/p>\n<ul>\n<li style=\"list-style-type: none;\">\n<ul>\n<li>l'obtention des documents n\u00e9cessaires dans les d\u00e9lais impartis (par exemple, dipl\u00f4mes, certificats de langue, passeport)<\/li>\n<\/ul>\n<\/li>\n<\/ul>\n<p><!-- \/wp:list-item --><\/p>\n<p><!-- wp:list-item --><\/p>\n<ul>\n<li style=\"list-style-type: none;\">\n<ul>\n<li>le respect des exigences l\u00e9gales de leur pays d'origine et de leur pays de r\u00e9sidence<\/li>\n<\/ul>\n<\/li>\n<\/ul>\n<p><!-- \/wp:list-item --><\/p>\n<p><!-- \/wp:list --><\/p>\n<p><!-- wp:paragraph --><\/p>\n<p>\u201eToujours plus loin\u201c d\u00e9cline toute responsabilit\u00e9 en cas d'informations ou de documents erron\u00e9s, incomplets ou soumis en retard.<\/p>\n<p><!-- \/wp:paragraph --><\/p>\n<p><!-- wp:paragraph --><\/p><h4>\n<p>5. responsabilit\u00e9 des entreprises<\/p><\/h4>\n<p><!-- \/wp:paragraph --><\/p>\n<p><!-- wp:paragraph --><\/p>\n<p>Les entreprises sont elles-m\u00eames responsables de<\/p>\n<p><!-- \/wp:paragraph --><\/p>\n<p><!-- wp:list --><\/p>\n<ul>\n<li style=\"list-style-type: none;\">\n<ul><!-- wp:list-item --><\/ul>\n<\/li>\n<\/ul>\n<p>&nbsp;<\/p>\n<ul>\n<li style=\"list-style-type: none;\">\n<ul>\n<li>la d\u00e9cision de s\u00e9lection des candidats<\/li>\n<\/ul>\n<\/li>\n<\/ul>\n<p><!-- \/wp:list-item --><\/p>\n<p><!-- wp:list-item --><\/p>\n<ul>\n<li style=\"list-style-type: none;\">\n<ul>\n<li>la v\u00e9rification des conditions juridiques (par exemple, autorisation d'emploi, conditions de formation)<\/li>\n<\/ul>\n<\/li>\n<\/ul>\n<p><!-- \/wp:list-item --><\/p>\n<p><!-- wp:list-item --><\/p>\n<ul>\n<li style=\"list-style-type: none;\">\n<ul>\n<li>le respect des dispositions en mati\u00e8re de droit du travail, de droit de s\u00e9jour et de formation professionnelle<\/li>\n<\/ul>\n<\/li>\n<\/ul>\n<p><!-- \/wp:list-item --><\/p>\n<p><!-- \/wp:list --><\/p>\n<p><!-- wp:paragraph --><\/p>\n<p>\u201eToujours plus loin\u201c n'assume aucune responsabilit\u00e9 quant aux d\u00e9cisions ou mesures prises par les entreprises.<\/p>\n<p><!-- \/wp:paragraph --><\/p>\n<p><!-- wp:paragraph --><\/p><h4>\n<p>6. pas de conseils juridiques, fiscaux ou en mati\u00e8re de migration<\/p><\/h4>\n<p><!-- \/wp:paragraph --><\/p>\n<p><!-- wp:paragraph --><\/p>\n<p>Les informations fournies le sont uniquement \u00e0 titre d'orientation g\u00e9n\u00e9rale.<\/p>\n<p><!-- \/wp:paragraph --><\/p>\n<p><!-- wp:paragraph --><\/p>\n<p>Elles ne constituent pas un conseil juridique, un conseil fiscal ou un conseil contraignant en mati\u00e8re de migration ou de visa.<br \/>Les services comp\u00e9tents (par exemple les avocats, les conseillers fiscaux, les autorit\u00e9s comp\u00e9tentes en mati\u00e8re d'\u00e9trangers, les ambassades) sont comp\u00e9tents pour fournir des renseignements contraignants.<\/p>\n<p><!-- \/wp:paragraph --><\/p>\n<p><!-- wp:paragraph --><\/p><h4>\n<p>7. limitation de responsabilit\u00e9<\/p><\/h4>\n<p><!-- \/wp:paragraph --><\/p>\n<p><!-- wp:paragraph --><\/p>\n<p>La responsabilit\u00e9 de \u201eToujours plus loin\u201c est exclue - dans la mesure o\u00f9 la loi le permet - en ce qui concerne<\/p>\n<p><!-- \/wp:paragraph --><\/p>\n<p><!-- wp:list --><\/p>\n<ul>\n<li style=\"list-style-type: none;\">\n<ul><!-- wp:list-item --><\/ul>\n<\/li>\n<\/ul>\n<p>&nbsp;<\/p>\n<ul>\n<li style=\"list-style-type: none;\">\n<ul>\n<li>les dommages indirects<\/li>\n<\/ul>\n<\/li>\n<\/ul>\n<p><!-- \/wp:list-item --><\/p>\n<p><!-- wp:list-item --><\/p>\n<ul>\n<li style=\"list-style-type: none;\">\n<ul>\n<li>le manque \u00e0 gagner<\/li>\n<\/ul>\n<\/li>\n<\/ul>\n<p><!-- \/wp:list-item --><\/p>\n<p><!-- wp:list-item --><\/p>\n<ul>\n<li style=\"list-style-type: none;\">\n<ul>\n<li>Retards dans le processus de placement ou de reconnaissance<\/li>\n<\/ul>\n<\/li>\n<\/ul>\n<p><!-- \/wp:list-item --><\/p>\n<p><!-- wp:list-item --><\/p>\n<ul>\n<li style=\"list-style-type: none;\">\n<ul>\n<li>D\u00e9cisions de tiers (entreprises, autorit\u00e9s, \u00e9tablissements d'enseignement)<\/li>\n<\/ul>\n<\/li>\n<\/ul>\n<p><!-- \/wp:list-item --><\/p>\n<p><!-- \/wp:list --><\/p>\n<p><!-- wp:paragraph --><\/p>\n<p>La responsabilit\u00e9 pour faute intentionnelle et n\u00e9gligence grave reste inchang\u00e9e.<\/p>\n<p><!-- \/wp:paragraph --><\/p>\n<p><!-- wp:paragraph --><\/p><h4>\n<p>8. modifications et actualit\u00e9<\/p><\/h4>\n<p><!-- \/wp:paragraph --><\/p>\n<p><!-- wp:paragraph --><\/p>\n<p>Le cadre juridique et r\u00e9glementaire peut changer \u00e0 tout moment.<br \/>\u201eImmer Weiter\u201c ne garantit pas l'actualit\u00e9 permanente ou l'exhaustivit\u00e9 des informations mises \u00e0 disposition.<\/p>\n<p><!-- \/wp:paragraph --><\/p>\n<p><!-- wp:paragraph --><\/p><h4>\n<p>9. dispositions finales<\/p><\/h4>\n<p><!-- \/wp:paragraph --><\/p>\n<p><!-- wp:paragraph --><\/p>\n<p>Si certaines dispositions de la pr\u00e9sente clause de non-responsabilit\u00e9 s'av\u00e9raient totalement ou partiellement invalides, la validit\u00e9 des autres dispositions n'en serait pas affect\u00e9e.<\/p>\n<p><!-- \/wp:paragraph --><\/p>\t\t\t\t\t\t\t\t<\/div>\n\t\t\t\t\t<\/div>\n\t\t\t\t<\/div>\n\t\t\t\t<\/div>","protected":false},"excerpt":{"rendered":"<p>Haftungsausschluss f\u00fcr die Vermittlung 1. Geltungsbereich Dieser Haftungsausschluss gilt f\u00fcr alle Angebote, Inhalte und Dienstleistungen vonYekini Belo\u00a0\u201eImmer Weiter\u201c \u2013 Azubi &amp; Personalvermittlung,im Zusammenhang mit der Vermittlung von Auszubildenden und Arbeitskr\u00e4ften, insbesondere aus Drittstaaten. Mit der Nutzung dieser Website, der Registrierung als Kandidat oder Unternehmen sowie der Kontaktaufnahme erkl\u00e4ren Sie sich mit den nachfolgenden Regelungen einverstanden. [&hellip;]<\/p>","protected":false},"author":1,"featured_media":0,"parent":0,"menu_order":0,"comment_status":"closed","ping_status":"closed","template":"","meta":{"footnotes":""},"class_list":["post-5395","page","type-page","status-publish","hentry"],"_links":{"self":[{"href":"https:\/\/immer-weiter.net\/fr\/wp-json\/wp\/v2\/pages\/5395","targetHints":{"allow":["GET"]}}],"collection":[{"href":"https:\/\/immer-weiter.net\/fr\/wp-json\/wp\/v2\/pages"}],"about":[{"href":"https:\/\/immer-weiter.net\/fr\/wp-json\/wp\/v2\/types\/page"}],"author":[{"embeddable":true,"href":"https:\/\/immer-weiter.net\/fr\/wp-json\/wp\/v2\/users\/1"}],"replies":[{"embeddable":true,"href":"https:\/\/immer-weiter.net\/fr\/wp-json\/wp\/v2\/comments?post=5395"}],"version-history":[{"count":14,"href":"https:\/\/immer-weiter.net\/fr\/wp-json\/wp\/v2\/pages\/5395\/revisions"}],"predecessor-version":[{"id":5461,"href":"https:\/\/immer-weiter.net\/fr\/wp-json\/wp\/v2\/pages\/5395\/revisions\/5461"}],"wp:attachment":[{"href":"https:\/\/immer-weiter.net\/fr\/wp-json\/wp\/v2\/media?parent=5395"}],"curies":[{"name":"wp","href":"https:\/\/api.w.org\/{rel}","templated":true}]}}